{"id":11268,"date":"2024-12-01T12:09:04","date_gmt":"2024-12-01T11:09:04","guid":{"rendered":"https:\/\/www.octotable.com\/brand-guidelines\/"},"modified":"2026-03-23T12:02:38","modified_gmt":"2026-03-23T11:02:38","slug":"markenrichtlinien","status":"publish","type":"page","link":"https:\/\/www.octotable.com\/de\/markenrichtlinien\/","title":{"rendered":"06 &#8211; Linee Guida del Brand"},"content":{"rendered":"\t\t<div data-elementor-type=\"wp-page\" data-elementor-id=\"11268\" class=\"elementor elementor-11268 elementor-11074\" data-elementor-post-type=\"page\">\n\t\t\t\t\t\t\t<div class=\"elementor-element elementor-element-09fee53 e-flex e-con-boxed e-con e-parent\" data-id=\"09fee53\" data-element_type=\"container\" data-settings=\"{&quot;background_background&quot;:&quot;classic&quot;,&quot;content_width&quot;:&quot;boxed&quot;}\" data-core-v316-plus=\"true\">\n\t\t\t\t\t<div class=\"e-con-inner\">\n\t\t\t\t<div class=\"elementor-element elementor-element-02d23ce elementor-widget elementor-widget-heading\" data-id=\"02d23ce\" data-element_type=\"widget\" data-widget_type=\"heading.default\">\n\t\t\t\t<div class=\"elementor-widget-container\">\n\t\t\t<style>\/*! elementor - v3.18.0 - 20-12-2023 *\/\n.elementor-heading-title{padding:0;margin:0;line-height:1}.elementor-widget-heading .elementor-heading-title[class*=elementor-size-]>a{color:inherit;font-size:inherit;line-height:inherit}.elementor-widget-heading .elementor-heading-title.elementor-size-small{font-size:15px}.elementor-widget-heading .elementor-heading-title.elementor-size-medium{font-size:19px}.elementor-widget-heading .elementor-heading-title.elementor-size-large{font-size:29px}.elementor-widget-heading .elementor-heading-title.elementor-size-xl{font-size:39px}.elementor-widget-heading .elementor-heading-title.elementor-size-xxl{font-size:59px}<\/style><h1 class=\"elementor-heading-title elementor-size-default\">Markenrichtlinien<\/h1>\t\t<\/div>\n\t\t\t\t<\/div>\n\t\t\t\t<div class=\"elementor-element elementor-element-460c075 elementor-widget__width-inherit elementor-widget-tablet__width-initial elementor-widget elementor-widget-text-editor\" data-id=\"460c075\" data-element_type=\"widget\" data-widget_type=\"text-editor.default\">\n\t\t\t\t<div class=\"elementor-widget-container\">\n\t\t\t<style>\/*! elementor - v3.18.0 - 20-12-2023 *\/\n.elementor-widget-text-editor.elementor-drop-cap-view-stacked .elementor-drop-cap{background-color:#69727d;color:#fff}.elementor-widget-text-editor.elementor-drop-cap-view-framed .elementor-drop-cap{color:#69727d;border:3px solid;background-color:transparent}.elementor-widget-text-editor:not(.elementor-drop-cap-view-default) .elementor-drop-cap{margin-top:8px}.elementor-widget-text-editor:not(.elementor-drop-cap-view-default) .elementor-drop-cap-letter{width:1em;height:1em}.elementor-widget-text-editor .elementor-drop-cap{float:left;text-align:center;line-height:1;font-size:50px}.elementor-widget-text-editor .elementor-drop-cap-letter{display:inline-block}<\/style>\t\t\t\t<p data-start=\"149\" data-end=\"244\">Jedes Element der Marke Octotable wurde bewusst und mit einem klar definierten Zweck gestaltet.<\/p><p data-start=\"246\" data-end=\"403\">Unsere Logos sind nicht nur Symbole; sie verk\u00f6rpern die Identit\u00e4t unserer Marke und bringen das Wesen dessen zum Ausdruck, wer wir sind und wof\u00fcr wir stehen.<\/p><p data-start=\"405\" data-end=\"581\">Die Farbpalette und die Typografie wurden mit derselben Sorgfalt und Aufmerksamkeit ausgew\u00e4hlt, um sicherzustellen, dass jeder Aspekt unserer Marke in perfekter Harmonie steht.<\/p>\t\t\t\t\t\t<\/div>\n\t\t\t\t<\/div>\n\t\t\t\t\t<\/div>\n\t\t\t\t<\/div>\n\t\t\t\t<section class=\"elementor-section elementor-top-section elementor-element elementor-element-5f397fa elementor-section-full_width elementor-section-height-default elementor-section-height-default\" data-id=\"5f397fa\" data-element_type=\"section\" data-settings=\"{&quot;background_background&quot;:&quot;classic&quot;}\">\n\t\t\t\t\t\t<div class=\"elementor-container elementor-column-gap-default\">\n\t\t\t\t\t<div class=\"elementor-column elementor-col-100 elementor-top-column elementor-element elementor-element-d2712a3\" data-id=\"d2712a3\" data-element_type=\"column\">\n\t\t\t<div class=\"elementor-widget-wrap elementor-element-populated\">\n\t\t\t\t\t\t\t\t<div class=\"elementor-element elementor-element-62c53dd elementor-widget elementor-widget-image\" data-id=\"62c53dd\" data-element_type=\"widget\" data-widget_type=\"image.default\">\n\t\t\t\t<div class=\"elementor-widget-container\">\n\t\t\t<style>\/*! elementor - v3.18.0 - 20-12-2023 *\/\n.elementor-widget-image{text-align:center}.elementor-widget-image a{display:inline-block}.elementor-widget-image a img[src$=\".svg\"]{width:48px}.elementor-widget-image img{vertical-align:middle;display:inline-block}<\/style>\t\t\t\t\t\t\t\t\t\t\t\t<img fetchpriority=\"high\" decoding=\"async\" width=\"1920\" height=\"1080\" src=\"https:\/\/www.octotable.com\/wp-content\/uploads\/2026\/02\/octotable-Markenrichtlinien-1.webp\" class=\"attachment-full size-full wp-image-34216\" alt=\"Octotable Markenrichtlinien mit offiziellem Logo, Farbpalette und Inter-Typografie\" srcset=\"https:\/\/www.octotable.com\/wp-content\/uploads\/2026\/02\/octotable-Markenrichtlinien-1.webp 1920w, https:\/\/www.octotable.com\/wp-content\/uploads\/2026\/02\/octotable-Markenrichtlinien-1-300x169.webp 300w, https:\/\/www.octotable.com\/wp-content\/uploads\/2026\/02\/octotable-Markenrichtlinien-1-1024x576.webp 1024w, https:\/\/www.octotable.com\/wp-content\/uploads\/2026\/02\/octotable-Markenrichtlinien-1-768x432.webp 768w, https:\/\/www.octotable.com\/wp-content\/uploads\/2026\/02\/octotable-Markenrichtlinien-1-1536x864.webp 1536w\" sizes=\"(max-width: 1920px) 100vw, 1920px\" title=\"\">\t\t\t\t\t\t\t\t\t\t\t\t\t\t\t<\/div>\n\t\t\t\t<\/div>\n\t\t\t\t<div class=\"elementor-element elementor-element-a578c35 elementor-widget elementor-widget-text-editor\" data-id=\"a578c35\" data-element_type=\"widget\" data-widget_type=\"text-editor.default\">\n\t\t\t\t<div class=\"elementor-widget-container\">\n\t\t\t\t\t\t\t<p>Es ist von entscheidender Bedeutung, dass bei der Verwendung unseres Logos bestimmte zentrale Richtlinien eingehalten werden, um die Integrit\u00e4t unserer Marke zu bewahren:<\/p>\t\t\t\t\t\t<\/div>\n\t\t\t\t<\/div>\n\t\t\t\t<div class=\"elementor-element elementor-element-9c30eed elementor-widget elementor-widget-image\" data-id=\"9c30eed\" data-element_type=\"widget\" data-widget_type=\"image.default\">\n\t\t\t\t<div class=\"elementor-widget-container\">\n\t\t\t\t\t\t\t\t\t\t\t\t\t\t\t<img decoding=\"async\" width=\"1920\" height=\"1080\" src=\"https:\/\/www.octotable.com\/wp-content\/uploads\/2026\/02\/octotable-Markenrichtlinien-2.webp\" class=\"attachment-full size-full wp-image-34223\" alt=\"Regeln zur Verwendung des Octotable Logos mit Beispielen unzul\u00e4ssiger Anwendungen\" srcset=\"https:\/\/www.octotable.com\/wp-content\/uploads\/2026\/02\/octotable-Markenrichtlinien-2.webp 1920w, https:\/\/www.octotable.com\/wp-content\/uploads\/2026\/02\/octotable-Markenrichtlinien-2-300x169.webp 300w, https:\/\/www.octotable.com\/wp-content\/uploads\/2026\/02\/octotable-Markenrichtlinien-2-1024x576.webp 1024w, https:\/\/www.octotable.com\/wp-content\/uploads\/2026\/02\/octotable-Markenrichtlinien-2-768x432.webp 768w, https:\/\/www.octotable.com\/wp-content\/uploads\/2026\/02\/octotable-Markenrichtlinien-2-1536x864.webp 1536w\" sizes=\"(max-width: 1920px) 100vw, 1920px\" title=\"\">\t\t\t\t\t\t\t\t\t\t\t\t\t\t\t<\/div>\n\t\t\t\t<\/div>\n\t\t\t\t<div class=\"elementor-element elementor-element-4083fa9 elementor-widget elementor-widget-text-editor\" data-id=\"4083fa9\" data-element_type=\"widget\" data-widget_type=\"text-editor.default\">\n\t\t\t\t<div class=\"elementor-widget-container\">\n\t\t\t\t\t\t\t<p data-start=\"765\" data-end=\"919\">Durch die Einhaltung dieser Richtlinien stellen wir sicher, dass unsere Marke an allen Kontaktpunkten konsistent, wiedererkennbar und wirkungsvoll bleibt.<\/p><p data-start=\"921\" data-end=\"1042\">Wir danken Ihnen f\u00fcr Ihre Aufmerksamkeit und Ihre Zusammenarbeit bei der Wahrung der Integrit\u00e4t und St\u00e4rke unserer Marke.<\/p><p data-start=\"1044\" data-end=\"1129\">Ihr Engagement ist von zentraler Bedeutung f\u00fcr den nachhaltigen Erfolg von Octotable.<\/p>\t\t\t\t\t\t<\/div>\n\t\t\t\t<\/div>\n\t\t\t\t\t<\/div>\n\t\t<\/div>\n\t\t\t\t\t\t\t<\/div>\n\t\t<\/section>\n\t\t<div class=\"elementor-element elementor-element-94bce1c e-flex e-con-boxed e-con e-parent\" data-id=\"94bce1c\" data-element_type=\"container\" data-settings=\"{&quot;content_width&quot;:&quot;boxed&quot;}\" data-core-v316-plus=\"true\">\n\t\t\t\t\t<div class=\"e-con-inner\">\n\t\t\t\t<div class=\"elementor-element elementor-element-b0d7daa elementor-widget-mobile__width-initial elementor-widget__width-initial elementor-widget elementor-widget-text-editor\" data-id=\"b0d7daa\" data-element_type=\"widget\" data-widget_type=\"text-editor.default\">\n\t\t\t\t<div class=\"elementor-widget-container\">\n\t\t\t\t\t\t\t<h2><a class=\"download-button3\" href=\"https:\/\/www.octotable.com\/wp-content\/uploads\/2026\/01\/Logo-octotable-2026.zip\">\nDOWNLOAD DER LOGOS\n<\/a><\/h2>\t\t\t\t\t\t<\/div>\n\t\t\t\t<\/div>\n\t\t\t\t\t<\/div>\n\t\t\t\t<\/div>\n\t\t\t\t\t\t\t<\/div>\n\t\t","protected":false},"excerpt":{"rendered":"<p>Markenrichtlinien Jedes Element der Marke Octotable wurde bewusst und mit einem klar definierten Zweck gestaltet. Unsere Logos sind nicht nur Symbole; sie verk\u00f6rpern die Identit\u00e4t unserer Marke und bringen das Wesen dessen zum Ausdruck, wer wir sind und wof\u00fcr wir stehen. Die Farbpalette und die Typografie wurden mit derselben Sorgfalt und Aufmerksamkeit ausgew\u00e4hlt, um sicherzustellen, [&hellip;]<\/p>\n","protected":false},"author":9,"featured_media":13130,"parent":0,"menu_order":0,"comment_status":"closed","ping_status":"closed","template":"elementor_header_footer","meta":{"footnotes":""},"class_list":["post-11268","page","type-page","status-publish","has-post-thumbnail","hentry"],"_links":{"self":[{"href":"https:\/\/www.octotable.com\/de\/wp-json\/wp\/v2\/pages\/11268","targetHints":{"allow":["GET"]}}],"collection":[{"href":"https:\/\/www.octotable.com\/de\/wp-json\/wp\/v2\/pages"}],"about":[{"href":"https:\/\/www.octotable.com\/de\/wp-json\/wp\/v2\/types\/page"}],"author":[{"embeddable":true,"href":"https:\/\/www.octotable.com\/de\/wp-json\/wp\/v2\/users\/9"}],"replies":[{"embeddable":true,"href":"https:\/\/www.octotable.com\/de\/wp-json\/wp\/v2\/comments?post=11268"}],"version-history":[{"count":15,"href":"https:\/\/www.octotable.com\/de\/wp-json\/wp\/v2\/pages\/11268\/revisions"}],"predecessor-version":[{"id":34232,"href":"https:\/\/www.octotable.com\/de\/wp-json\/wp\/v2\/pages\/11268\/revisions\/34232"}],"wp:featuredmedia":[{"embeddable":true,"href":"https:\/\/www.octotable.com\/de\/wp-json\/wp\/v2\/media\/13130"}],"wp:attachment":[{"href":"https:\/\/www.octotable.com\/de\/wp-json\/wp\/v2\/media?parent=11268"}],"curies":[{"name":"wp","href":"https:\/\/api.w.org\/{rel}","templated":true}]}}