{"id":26784,"date":"2024-08-20T14:49:04","date_gmt":"2024-08-20T12:49:04","guid":{"rendered":"https:\/\/www.octotable.com\/cookie-policy\/"},"modified":"2026-03-24T12:44:21","modified_gmt":"2026-03-24T11:44:21","slug":"cookie-policy","status":"publish","type":"page","link":"https:\/\/www.octotable.com\/de\/cookie-policy\/","title":{"rendered":"11 &#8211; Cookie Policy"},"content":{"rendered":"\t\t<div data-elementor-type=\"wp-page\" data-elementor-id=\"26784\" class=\"elementor elementor-26784 elementor-12621\" data-elementor-post-type=\"page\">\n\t\t\t\t\t\t\t<div class=\"elementor-element elementor-element-3a79f5b e-flex e-con-boxed e-con e-parent\" data-id=\"3a79f5b\" data-element_type=\"container\" data-settings=\"{&quot;background_background&quot;:&quot;classic&quot;,&quot;content_width&quot;:&quot;boxed&quot;}\" data-core-v316-plus=\"true\">\n\t\t\t\t\t<div class=\"e-con-inner\">\n\t\t\t\t<div class=\"elementor-element elementor-element-d057f0b elementor-widget elementor-widget-heading\" data-id=\"d057f0b\" data-element_type=\"widget\" data-widget_type=\"heading.default\">\n\t\t\t\t<div class=\"elementor-widget-container\">\n\t\t\t<style>\/*! elementor - v3.18.0 - 20-12-2023 *\/\n.elementor-heading-title{padding:0;margin:0;line-height:1}.elementor-widget-heading .elementor-heading-title[class*=elementor-size-]>a{color:inherit;font-size:inherit;line-height:inherit}.elementor-widget-heading .elementor-heading-title.elementor-size-small{font-size:15px}.elementor-widget-heading .elementor-heading-title.elementor-size-medium{font-size:19px}.elementor-widget-heading .elementor-heading-title.elementor-size-large{font-size:29px}.elementor-widget-heading .elementor-heading-title.elementor-size-xl{font-size:39px}.elementor-widget-heading .elementor-heading-title.elementor-size-xxl{font-size:59px}<\/style><h1 class=\"elementor-heading-title elementor-size-default\">Cookie-Richtlinie<\/h1>\t\t<\/div>\n\t\t\t\t<\/div>\n\t\t\t\t<div class=\"elementor-element elementor-element-4e0a27b elementor-widget__width-inherit elementor-widget-tablet__width-initial elementor-widget elementor-widget-text-editor\" data-id=\"4e0a27b\" data-element_type=\"widget\" data-widget_type=\"text-editor.default\">\n\t\t\t\t<div class=\"elementor-widget-container\">\n\t\t\t<style>\/*! elementor - v3.18.0 - 20-12-2023 *\/\n.elementor-widget-text-editor.elementor-drop-cap-view-stacked .elementor-drop-cap{background-color:#69727d;color:#fff}.elementor-widget-text-editor.elementor-drop-cap-view-framed .elementor-drop-cap{color:#69727d;border:3px solid;background-color:transparent}.elementor-widget-text-editor:not(.elementor-drop-cap-view-default) .elementor-drop-cap{margin-top:8px}.elementor-widget-text-editor:not(.elementor-drop-cap-view-default) .elementor-drop-cap-letter{width:1em;height:1em}.elementor-widget-text-editor .elementor-drop-cap{float:left;text-align:center;line-height:1;font-size:50px}.elementor-widget-text-editor .elementor-drop-cap-letter{display:inline-block}<\/style>\t\t\t\t<p data-path-to-node=\"1\">Die Cookie-Richtlinie von Octotable erkl\u00e4rt, was Cookies sind und wie sie auf der Website verwendet werden, um die ordnungsgem\u00e4\u00dfe Funktion der Plattform sicherzustellen, die Sicherheit zu verbessern und eine optimierte Benutzererfahrung zu bieten. Cookies erm\u00f6glichen es au\u00dferdem, die Leistung der Website zu analysieren und relevantere Inhalte sowie Werbung bereitzustellen.<\/p><p data-path-to-node=\"1\">Nutzer k\u00f6nnen ihre Pr\u00e4ferenzen jederzeit verwalten, indem sie ihre Einwilligung \u00fcber die entsprechenden Einstellungen oder \u00fcber ihren Browser \u00e4ndern oder widerrufen.<\/p>\t\t\t\t\t\t<\/div>\n\t\t\t\t<\/div>\n\t\t\t\t\t<\/div>\n\t\t\t\t<\/div>\n\t\t<div class=\"elementor-element elementor-element-326ccc7 e-flex e-con-boxed e-con e-parent\" data-id=\"326ccc7\" data-element_type=\"container\" data-settings=\"{&quot;background_background&quot;:&quot;classic&quot;,&quot;content_width&quot;:&quot;boxed&quot;}\" data-core-v316-plus=\"true\">\n\t\t\t\t\t<div class=\"e-con-inner\">\n\t\t\t\t<div class=\"elementor-element elementor-element-eb05ef3 elementor-widget elementor-widget-html\" data-id=\"eb05ef3\" data-element_type=\"widget\" data-widget_type=\"html.default\">\n\t\t\t\t<div class=\"elementor-widget-container\">\n\t\t\t<!DOCTYPE html>\n<html lang=\"de\">\n<head>\n    <meta charset=\"UTF-8\">\n    <meta name=\"viewport\" content=\"width=device-width, initial-scale=1.0\">\n    <title>Cookie-Richtlinie<\/title>\n<\/head>\n<body>\n\n    <h2>Was sind Cookies?<\/h2>\n    <p>\n        Diese Cookie-Richtlinie erkl\u00e4rt, was Cookies sind und wie wir sie verwenden, welche Arten von Cookies\n        wir einsetzen, also welche Informationen wir mithilfe von Cookies erfassen und wie diese Informationen\n        verwendet werden, sowie wie Sie die Cookie-Einstellungen verwalten k\u00f6nnen.\n    <\/p>\n\n    <p>\n        Cookies sind kleine Textdateien, die dazu verwendet werden, kleine Informationsmengen zu speichern.\n        Sie werden auf Ihrem Ger\u00e4t gespeichert, wenn die Website in Ihrem Browser geladen wird. Diese Cookies\n        helfen uns dabei, die Website ordnungsgem\u00e4\u00df funktionieren zu lassen, sie sicherer zu machen, eine bessere\n        Benutzererfahrung zu bieten und zu verstehen, wie die Website funktioniert, um zu analysieren, was gut\n        funktioniert und wo Verbesserungen erforderlich sind.\n    <\/p>\n\n    <h2>Wie verwenden wir Cookies?<\/h2>\n    <p>\n        Wie die meisten Online-Dienste verwendet unsere Website First-Party- und Third-Party-Cookies f\u00fcr\n        verschiedene Zwecke. First-Party-Cookies sind gr\u00f6\u00dftenteils notwendig, damit die Website ordnungsgem\u00e4\u00df\n        funktioniert, und sie erfassen keine personenbezogenen Daten, anhand derer Sie identifiziert werden k\u00f6nnen.\n    <\/p>\n\n    <p>\n        Die auf unserer Website verwendeten Third-Party-Cookies dienen haupts\u00e4chlich dazu, zu verstehen, wie\n        die Website funktioniert, wie Sie mit unserer Website interagieren, unsere Dienste sicher zu halten,\n        Ihnen relevante Werbung bereitzustellen und Ihnen insgesamt eine bessere und verbesserte Benutzererfahrung\n        zu bieten sowie Ihre zuk\u00fcnftigen Interaktionen mit unserer Website zu beschleunigen.\n    <\/p>\n\n    <h2>Cookie-Einstellungen verwalten<\/h2>\n    <p><strong>Cookie-Einstellungen<\/strong><\/p>\n\n    <p>\n        Sie k\u00f6nnen Ihre Cookie-Einstellungen jederzeit \u00e4ndern, indem Sie auf die oben genannte Schaltfl\u00e4che klicken.\n        Dadurch k\u00f6nnen Sie das Cookie-Einwilligungsbanner erneut aufrufen, Ihre Einstellungen \u00e4ndern oder Ihre\n        Einwilligung sofort widerrufen.\n    <\/p>\n\n    <p>\n        Dar\u00fcber hinaus bieten verschiedene Browser unterschiedliche Methoden zum Blockieren und L\u00f6schen von Cookies,\n        die von Websites verwendet werden. Sie k\u00f6nnen die Einstellungen Ihres Browsers \u00e4ndern, um Cookies zu\n        blockieren oder zu l\u00f6schen. Nachfolgend finden Sie Links zu Support-Dokumenten zur Verwaltung und L\u00f6schung\n        von Cookies in den wichtigsten Webbrowsern:\n    <\/p>\n\n    <ul>\n        <li>\n            Chrome:\n            <a href=\"https:\/\/support.google.com\/accounts\/answer\/32050\" target=\"_blank\" rel=\"noopener noreferrer nofollow\">\n                https:\/\/support.google.com\/accounts\/answer\/32050\n            <\/a>\n        <\/li>\n        <li>\n            Safari:\n            <a href=\"https:\/\/support.apple.com\/en-in\/guide\/safari\/sfri11471\/mac\" target=\"_blank\" rel=\"noopener noreferrer nofollow\">\n                https:\/\/support.apple.com\/en-in\/guide\/safari\/sfri11471\/mac\n            <\/a>\n        <\/li>\n        <li>\n            Firefox:\n            <a href=\"https:\/\/support.mozilla.org\/en-US\/kb\/clear-cookies-and-site-data-firefox?redirectslug=delete-cookies-remove-info-websites-stored&amp;redirectlocale=en-US\" target=\"_blank\" rel=\"noopener noreferrer nofollow\">\n                https:\/\/support.mozilla.org\/en-US\/kb\/clear-cookies-and-site-data-firefox?redirectslug=delete-cookies-remove-info-websites-stored&redirectlocale=en-US\n            <\/a>\n        <\/li>\n        <li>\n            Internet Explorer:\n            <a href=\"https:\/\/support.microsoft.com\/en-us\/topic\/how-to-delete-cookie-files-in-internet-explorer-bca9446f-d873-78de-77ba-d42645fa52fc\" target=\"_blank\" rel=\"noopener noreferrer nofollow\">\n                https:\/\/support.microsoft.com\/en-us\/topic\/how-to-delete-cookie-files-in-internet-explorer-bca9446f-d873-78de-77ba-d42645fa52fc\n            <\/a>\n        <\/li>\n    <\/ul>\n\n    <p>\n        Wenn Sie einen anderen Webbrowser verwenden, besuchen Sie bitte die offiziellen Support-Dokumente Ihres Browsers.\n    <\/p>\n\n    <p><em>Cookie-Richtlinie erstellt mit CookieYes - Cookie-Richtlinien-Generator.<\/em><\/p>\n\n<\/body>\n<\/html>\t\t<\/div>\n\t\t\t\t<\/div>\n\t\t\t\t\t<\/div>\n\t\t\t\t<\/div>\n\t\t\t\t\t\t\t<\/div>\n\t\t","protected":false},"excerpt":{"rendered":"<p>Cookie-Richtlinie Die Cookie-Richtlinie von Octotable erkl\u00e4rt, was Cookies sind und wie sie auf der Website verwendet werden, um die ordnungsgem\u00e4\u00dfe Funktion der Plattform sicherzustellen, die Sicherheit zu verbessern und eine optimierte Benutzererfahrung zu bieten. Cookies erm\u00f6glichen es au\u00dferdem, die Leistung der Website zu analysieren und relevantere Inhalte sowie Werbung bereitzustellen. Nutzer k\u00f6nnen ihre Pr\u00e4ferenzen jederzeit [&hellip;]<\/p>\n","protected":false},"author":1,"featured_media":0,"parent":0,"menu_order":0,"comment_status":"closed","ping_status":"closed","template":"elementor_header_footer","meta":{"footnotes":""},"class_list":["post-26784","page","type-page","status-publish","hentry"],"_links":{"self":[{"href":"https:\/\/www.octotable.com\/de\/wp-json\/wp\/v2\/pages\/26784","targetHints":{"allow":["GET"]}}],"collection":[{"href":"https:\/\/www.octotable.com\/de\/wp-json\/wp\/v2\/pages"}],"about":[{"href":"https:\/\/www.octotable.com\/de\/wp-json\/wp\/v2\/types\/page"}],"author":[{"embeddable":true,"href":"https:\/\/www.octotable.com\/de\/wp-json\/wp\/v2\/users\/1"}],"replies":[{"embeddable":true,"href":"https:\/\/www.octotable.com\/de\/wp-json\/wp\/v2\/comments?post=26784"}],"version-history":[{"count":5,"href":"https:\/\/www.octotable.com\/de\/wp-json\/wp\/v2\/pages\/26784\/revisions"}],"predecessor-version":[{"id":36056,"href":"https:\/\/www.octotable.com\/de\/wp-json\/wp\/v2\/pages\/26784\/revisions\/36056"}],"wp:attachment":[{"href":"https:\/\/www.octotable.com\/de\/wp-json\/wp\/v2\/media?parent=26784"}],"curies":[{"name":"wp","href":"https:\/\/api.w.org\/{rel}","templated":true}]}}