{"id":12647,"date":"2024-08-20T15:18:38","date_gmt":"2024-08-20T13:18:38","guid":{"rendered":"https:\/\/www.octotable.com\/?page_id=12647"},"modified":"2026-03-24T12:39:56","modified_gmt":"2026-03-24T11:39:56","slug":"cookie-policy","status":"publish","type":"page","link":"https:\/\/www.octotable.com\/es\/cookie-policy\/","title":{"rendered":"11 &#8211; Cookie policy"},"content":{"rendered":"\t\t<div data-elementor-type=\"wp-page\" data-elementor-id=\"12647\" class=\"elementor elementor-12647 elementor-12621\" data-elementor-post-type=\"page\">\n\t\t\t\t\t\t\t<div class=\"elementor-element elementor-element-ca1875b e-flex e-con-boxed e-con e-parent\" data-id=\"ca1875b\" data-element_type=\"container\" data-settings=\"{&quot;background_background&quot;:&quot;classic&quot;,&quot;content_width&quot;:&quot;boxed&quot;}\" data-core-v316-plus=\"true\">\n\t\t\t\t\t<div class=\"e-con-inner\">\n\t\t\t\t<div class=\"elementor-element elementor-element-09fc3bd elementor-widget elementor-widget-heading\" data-id=\"09fc3bd\" data-element_type=\"widget\" data-widget_type=\"heading.default\">\n\t\t\t\t<div class=\"elementor-widget-container\">\n\t\t\t<style>\/*! elementor - v3.18.0 - 20-12-2023 *\/\n.elementor-heading-title{padding:0;margin:0;line-height:1}.elementor-widget-heading .elementor-heading-title[class*=elementor-size-]>a{color:inherit;font-size:inherit;line-height:inherit}.elementor-widget-heading .elementor-heading-title.elementor-size-small{font-size:15px}.elementor-widget-heading .elementor-heading-title.elementor-size-medium{font-size:19px}.elementor-widget-heading .elementor-heading-title.elementor-size-large{font-size:29px}.elementor-widget-heading .elementor-heading-title.elementor-size-xl{font-size:39px}.elementor-widget-heading .elementor-heading-title.elementor-size-xxl{font-size:59px}<\/style><h1 class=\"elementor-heading-title elementor-size-default\">Pol\u00edtica de Cookies<\/h1>\t\t<\/div>\n\t\t\t\t<\/div>\n\t\t\t\t<div class=\"elementor-element elementor-element-825c116 elementor-widget__width-inherit elementor-widget-tablet__width-initial elementor-widget elementor-widget-text-editor\" data-id=\"825c116\" data-element_type=\"widget\" data-widget_type=\"text-editor.default\">\n\t\t\t\t<div class=\"elementor-widget-container\">\n\t\t\t<style>\/*! elementor - v3.18.0 - 20-12-2023 *\/\n.elementor-widget-text-editor.elementor-drop-cap-view-stacked .elementor-drop-cap{background-color:#69727d;color:#fff}.elementor-widget-text-editor.elementor-drop-cap-view-framed .elementor-drop-cap{color:#69727d;border:3px solid;background-color:transparent}.elementor-widget-text-editor:not(.elementor-drop-cap-view-default) .elementor-drop-cap{margin-top:8px}.elementor-widget-text-editor:not(.elementor-drop-cap-view-default) .elementor-drop-cap-letter{width:1em;height:1em}.elementor-widget-text-editor .elementor-drop-cap{float:left;text-align:center;line-height:1;font-size:50px}.elementor-widget-text-editor .elementor-drop-cap-letter{display:inline-block}<\/style>\t\t\t\t<p data-path-to-node=\"1\">La Pol\u00edtica de Cookies de Octotable explica qu\u00e9 son las cookies y c\u00f3mo se utilizan dentro del sitio web para garantizar el correcto funcionamiento de la plataforma, mejorar la seguridad y ofrecer una experiencia de usuario optimizada.<\/p>\n<p data-path-to-node=\"1\">Las cookies tambi\u00e9n permiten analizar el rendimiento del sitio y ofrecer contenidos y publicidad m\u00e1s relevantes. El usuario puede gestionar en cualquier momento sus preferencias, modificando o retirando su consentimiento a trav\u00e9s de las configuraciones espec\u00edficas o mediante su navegador.<\/p>\t\t\t\t\t\t<\/div>\n\t\t\t\t<\/div>\n\t\t\t\t\t<\/div>\n\t\t\t\t<\/div>\n\t\t<div class=\"elementor-element elementor-element-6f450b1f e-flex e-con-boxed e-con e-parent\" data-id=\"6f450b1f\" data-element_type=\"container\" data-settings=\"{&quot;content_width&quot;:&quot;boxed&quot;}\" data-core-v316-plus=\"true\">\n\t\t\t\t\t<div class=\"e-con-inner\">\n\t\t\t\t<div class=\"elementor-element elementor-element-bdb9d7e elementor-widget elementor-widget-html\" data-id=\"bdb9d7e\" data-element_type=\"widget\" data-widget_type=\"html.default\">\n\t\t\t\t<div class=\"elementor-widget-container\">\n\t\t\t<!DOCTYPE html>\n<html lang=\"es\">\n<head>\n    <meta charset=\"UTF-8\">\n    <meta name=\"viewport\" content=\"width=device-width, initial-scale=1.0\">\n    <title>Pol\u00edtica de Cookies<\/title>\n<\/head>\n<body>\n    <h2>\u00bfQu\u00e9 son las cookies?<\/h2>\n    <p>\n        Esta Pol\u00edtica de Cookies explica qu\u00e9 son las cookies y c\u00f3mo las utilizamos, los tipos de cookies que usamos,\n        es decir, la informaci\u00f3n que recopilamos mediante las cookies y c\u00f3mo se utiliza esa informaci\u00f3n, y c\u00f3mo\n        gestionar la configuraci\u00f3n de las cookies.\n    <\/p>\n\n    <p>\n        Las cookies son peque\u00f1os archivos de texto que se utilizan para almacenar peque\u00f1as piezas de informaci\u00f3n.\n        Se almacenan en tu dispositivo cuando el sitio web se carga en tu navegador. Estas cookies nos ayudan a que\n        el sitio web funcione correctamente, sea m\u00e1s seguro, proporcione una mejor experiencia de usuario, y a\n        comprender c\u00f3mo funciona el sitio web y analizar qu\u00e9 funciona y d\u00f3nde necesita mejoras.\n    <\/p>\n\n    <h2>\u00bfC\u00f3mo utilizamos las cookies?<\/h2>\n    <p>\n        Como la mayor\u00eda de los servicios en l\u00ednea, nuestro sitio web utiliza cookies de primera y tercera parte\n        para diversos fines. Las cookies de primera parte son principalmente necesarias para el correcto funcionamiento\n        del sitio web y no recopilan ning\u00fan dato personal identificable.\n    <\/p>\n\n    <p>\n        Las cookies de terceros utilizadas en nuestro sitio web son principalmente para comprender c\u00f3mo funciona\n        el sitio web, c\u00f3mo interact\u00faas con nuestro sitio, mantener seguros nuestros servicios, proporcionar anuncios\n        que sean relevantes para ti, y en general, ofrecerte una experiencia de usuario mejorada y acelerar tus\n        futuras interacciones con nuestro sitio web.\n    <\/p>\n\n    <h2>Gestionar las preferencias de cookies<\/h2>\n    <p><strong>Configuraci\u00f3n de Cookies<\/strong><\/p>\n\n    <p>\n        Puedes cambiar tus preferencias de cookies en cualquier momento haciendo clic en el bot\u00f3n de arriba.\n        Esto te permitir\u00e1 volver a visitar el banner de consentimiento de cookies y cambiar tus preferencias\n        o retirar tu consentimiento de inmediato.\n    <\/p>\n\n    <p>\n        Adem\u00e1s, los diferentes navegadores proporcionan diferentes m\u00e9todos para bloquear y eliminar las cookies\n        utilizadas por los sitios web. Puedes cambiar la configuraci\u00f3n de tu navegador para bloquear o eliminar\n        las cookies. A continuaci\u00f3n se encuentran los enlaces a los documentos de soporte sobre c\u00f3mo gestionar\n        y eliminar las cookies de los principales navegadores web:\n    <\/p>\n\n    <ul>\n        <li>\n            Chrome:\n            <a href=\"https:\/\/support.google.com\/accounts\/answer\/32050\" target=\"_blank\" rel=\"noopener noreferrer nofollow\">\n                https:\/\/support.google.com\/accounts\/answer\/32050\n            <\/a>\n        <\/li>\n        <li>\n            Safari:\n            <a href=\"https:\/\/support.apple.com\/en-in\/guide\/safari\/sfri11471\/mac\" target=\"_blank\" rel=\"noopener noreferrer nofollow\">\n                https:\/\/support.apple.com\/en-in\/guide\/safari\/sfri11471\/mac\n            <\/a>\n        <\/li>\n        <li>\n            Firefox:\n            <a href=\"https:\/\/support.mozilla.org\/en-US\/kb\/clear-cookies-and-site-data-firefox?redirectslug=delete-cookies-remove-info-websites-stored&amp;redirectlocale=en-US\" target=\"_blank\" rel=\"noopener noreferrer nofollow\">\n                https:\/\/support.mozilla.org\/en-US\/kb\/clear-cookies-and-site-data-firefox?redirectslug=delete-cookies-remove-info-websites-stored&redirectlocale=en-US\n            <\/a>\n        <\/li>\n        <li>\n            Internet Explorer:\n            <a href=\"https:\/\/support.microsoft.com\/en-us\/topic\/how-to-delete-cookie-files-in-internet-explorer-bca9446f-d873-78de-77ba-d42645fa52fc\" target=\"_blank\" rel=\"noopener noreferrer nofollow\">\n                https:\/\/support.microsoft.com\/en-us\/topic\/how-to-delete-cookie-files-in-internet-explorer-bca9446f-d873-78de-77ba-d42645fa52fc\n            <\/a>\n        <\/li>\n    <\/ul>\n\n    <p>\n        Si est\u00e1s utilizando cualquier otro navegador web, visita los documentos de soporte oficiales de tu navegador.\n    <\/p>\n\n    <p><em>Pol\u00edtica de Cookies generada por CookieYes - Generador de Pol\u00edtica de Cookies.<\/em><\/p>\n\n<\/body>\n<\/html>\t\t<\/div>\n\t\t\t\t<\/div>\n\t\t\t\t\t<\/div>\n\t\t\t\t<\/div>\n\t\t\t\t\t\t\t<\/div>\n\t\t","protected":false},"excerpt":{"rendered":"<p>Pol\u00edtica de Cookies La Pol\u00edtica de Cookies de Octotable explica qu\u00e9 son las cookies y c\u00f3mo se utilizan dentro del sitio web para garantizar el correcto funcionamiento de la plataforma, mejorar la seguridad y ofrecer una experiencia de usuario optimizada. Las cookies tambi\u00e9n permiten analizar el rendimiento del sitio y ofrecer contenidos y publicidad m\u00e1s [&hellip;]<\/p>\n","protected":false},"author":1,"featured_media":0,"parent":0,"menu_order":0,"comment_status":"closed","ping_status":"closed","template":"elementor_header_footer","meta":{"footnotes":""},"class_list":["post-12647","page","type-page","status-publish","hentry"],"_links":{"self":[{"href":"https:\/\/www.octotable.com\/es\/wp-json\/wp\/v2\/pages\/12647","targetHints":{"allow":["GET"]}}],"collection":[{"href":"https:\/\/www.octotable.com\/es\/wp-json\/wp\/v2\/pages"}],"about":[{"href":"https:\/\/www.octotable.com\/es\/wp-json\/wp\/v2\/types\/page"}],"author":[{"embeddable":true,"href":"https:\/\/www.octotable.com\/es\/wp-json\/wp\/v2\/users\/1"}],"replies":[{"embeddable":true,"href":"https:\/\/www.octotable.com\/es\/wp-json\/wp\/v2\/comments?post=12647"}],"version-history":[{"count":9,"href":"https:\/\/www.octotable.com\/es\/wp-json\/wp\/v2\/pages\/12647\/revisions"}],"predecessor-version":[{"id":36053,"href":"https:\/\/www.octotable.com\/es\/wp-json\/wp\/v2\/pages\/12647\/revisions\/36053"}],"wp:attachment":[{"href":"https:\/\/www.octotable.com\/es\/wp-json\/wp\/v2\/media?parent=12647"}],"curies":[{"name":"wp","href":"https:\/\/api.w.org\/{rel}","templated":true}]}}