{"id":12676,"date":"2024-08-20T17:00:17","date_gmt":"2024-08-20T15:00:17","guid":{"rendered":"https:\/\/www.octotable.com\/?page_id=12676"},"modified":"2026-03-24T09:31:52","modified_gmt":"2026-03-24T08:31:52","slug":"privacy-policy","status":"publish","type":"page","link":"https:\/\/www.octotable.com\/es\/privacy-policy\/","title":{"rendered":"10 &#8211; Privacy Policy"},"content":{"rendered":"\t\t<div data-elementor-type=\"wp-page\" data-elementor-id=\"12676\" class=\"elementor elementor-12676 elementor-12663\" data-elementor-post-type=\"page\">\n\t\t\t\t\t\t\t<div class=\"elementor-element elementor-element-3137d50 e-flex e-con-boxed e-con e-parent\" data-id=\"3137d50\" data-element_type=\"container\" data-settings=\"{&quot;background_background&quot;:&quot;classic&quot;,&quot;content_width&quot;:&quot;boxed&quot;}\" data-core-v316-plus=\"true\">\n\t\t\t\t\t<div class=\"e-con-inner\">\n\t\t\t\t<div class=\"elementor-element elementor-element-ce7d51c elementor-widget elementor-widget-heading\" data-id=\"ce7d51c\" data-element_type=\"widget\" data-widget_type=\"heading.default\">\n\t\t\t\t<div class=\"elementor-widget-container\">\n\t\t\t<style>\/*! elementor - v3.18.0 - 20-12-2023 *\/\n.elementor-heading-title{padding:0;margin:0;line-height:1}.elementor-widget-heading .elementor-heading-title[class*=elementor-size-]>a{color:inherit;font-size:inherit;line-height:inherit}.elementor-widget-heading .elementor-heading-title.elementor-size-small{font-size:15px}.elementor-widget-heading .elementor-heading-title.elementor-size-medium{font-size:19px}.elementor-widget-heading .elementor-heading-title.elementor-size-large{font-size:29px}.elementor-widget-heading .elementor-heading-title.elementor-size-xl{font-size:39px}.elementor-widget-heading .elementor-heading-title.elementor-size-xxl{font-size:59px}<\/style><h1 class=\"elementor-heading-title elementor-size-medium\">Pol\u00edtica de Privacidad<\/h1>\t\t<\/div>\n\t\t\t\t<\/div>\n\t\t\t\t<div class=\"elementor-element elementor-element-ca0231b elementor-widget__width-inherit elementor-widget-tablet__width-initial elementor-widget elementor-widget-text-editor\" data-id=\"ca0231b\" data-element_type=\"widget\" data-widget_type=\"text-editor.default\">\n\t\t\t\t<div class=\"elementor-widget-container\">\n\t\t\t<style>\/*! elementor - v3.18.0 - 20-12-2023 *\/\n.elementor-widget-text-editor.elementor-drop-cap-view-stacked .elementor-drop-cap{background-color:#69727d;color:#fff}.elementor-widget-text-editor.elementor-drop-cap-view-framed .elementor-drop-cap{color:#69727d;border:3px solid;background-color:transparent}.elementor-widget-text-editor:not(.elementor-drop-cap-view-default) .elementor-drop-cap{margin-top:8px}.elementor-widget-text-editor:not(.elementor-drop-cap-view-default) .elementor-drop-cap-letter{width:1em;height:1em}.elementor-widget-text-editor .elementor-drop-cap{float:left;text-align:center;line-height:1;font-size:50px}.elementor-widget-text-editor .elementor-drop-cap-letter{display:inline-block}<\/style>\t\t\t\t<p data-path-to-node=\"1\">La pol\u00edtica de privacidad de Octotable describe de forma transparente c\u00f3mo se recopilan, utilizan y protegen los datos personales de los usuarios que interact\u00faan con el sitio web y los servicios de la plataforma. La gesti\u00f3n de la informaci\u00f3n est\u00e1 a cargo de Octorate Srl, que se compromete a tratar datos como datos de contacto, informaci\u00f3n de pago y detalles profesionales en pleno cumplimiento de la normativa vigente.<\/p>\t\t\t\t\t\t<\/div>\n\t\t\t\t<\/div>\n\t\t\t\t\t<\/div>\n\t\t\t\t<\/div>\n\t\t<div class=\"elementor-element elementor-element-483afe12 e-flex e-con-boxed e-con e-parent\" data-id=\"483afe12\" data-element_type=\"container\" data-settings=\"{&quot;content_width&quot;:&quot;boxed&quot;}\" data-core-v316-plus=\"true\">\n\t\t\t\t\t<div class=\"e-con-inner\">\n\t\t\t\t<div class=\"elementor-element elementor-element-d50211a elementor-widget elementor-widget-html\" data-id=\"d50211a\" data-element_type=\"widget\" data-widget_type=\"html.default\">\n\t\t\t\t<div class=\"elementor-widget-container\">\n\t\t\t<!DOCTYPE html>\n<html lang=\"es\">\n<head>\n    <meta charset=\"UTF-8\">\n    <meta name=\"viewport\" content=\"width=device-width, initial-scale=1.0\">\n    <title>Pol\u00edtica de Privacidad<\/title>\n<\/head>\n<body>\n\n<p>\nEsta Pol\u00edtica de Privacidad describe las pol\u00edticas de:\n<\/p>\n\n<p>\n<strong>Octotable<\/strong><br>\nVia Filippo Caruso, 23<br>\nItalia\/Lacio\/Roma 00173<br>\nItalia<br>\nCorreo electr\u00f3nico: <a href=\"mailto:tech@octorate.com\">tech@octorate.com<\/a><br>\nTel\u00e9fono: 06 4542 0568\n<\/p>\n\n<p>\nsobre la recopilaci\u00f3n, uso y divulgaci\u00f3n de su informaci\u00f3n que recopilamos cuando utiliza nuestro sitio web\n<a href=\"https:\/\/www.octotable.com\" target=\"_blank\">https:\/\/www.octotable.com<\/a>\n(el \"Servicio\").\n<\/p>\n\n<p>\nAl acceder o usar el Servicio, usted consiente la recopilaci\u00f3n, uso y divulgaci\u00f3n de su informaci\u00f3n de acuerdo con esta Pol\u00edtica de Privacidad.\nSi no est\u00e1 de acuerdo, por favor no acceda ni utilice el Servicio.\n<\/p>\n\n<p>\nPodemos modificar esta Pol\u00edtica de Privacidad en cualquier momento sin previo aviso. La versi\u00f3n revisada ser\u00e1 publicada en el Servicio y entrar\u00e1 en vigor 180 d\u00edas despu\u00e9s de su publicaci\u00f3n.\nEl uso continuado del Servicio implicar\u00e1 su aceptaci\u00f3n de los cambios. Le recomendamos revisar esta p\u00e1gina peri\u00f3dicamente.\n<\/p>\n\n<h2>Informaci\u00f3n que recopilamos<\/h2>\n<ul>\n    <li>Nombre<\/li>\n    <li>Correo electr\u00f3nico<\/li>\n    <li>Tel\u00e9fono m\u00f3vil<\/li>\n    <li>Fecha de nacimiento<\/li>\n    <li>Direcci\u00f3n<\/li>\n    <li>Direcci\u00f3n de trabajo<\/li>\n    <li>Informaci\u00f3n de pago<\/li>\n<\/ul>\n\n<h2>C\u00f3mo recopilamos su informaci\u00f3n<\/h2>\n<ul>\n    <li>Cuando completa formularios o env\u00eda informaci\u00f3n personal<\/li>\n    <li>Cuando interact\u00faa con el sitio web<\/li>\n    <li>A trav\u00e9s de fuentes p\u00fablicas<\/li>\n<\/ul>\n\n<h2>C\u00f3mo usamos su informaci\u00f3n<\/h2>\n<ul>\n    <li>Marketing \/ Promoci\u00f3n<\/li>\n    <li>Creaci\u00f3n de cuentas de usuario<\/li>\n    <li>Recopilaci\u00f3n de comentarios de clientes<\/li>\n    <li>Soporte<\/li>\n    <li>Informaci\u00f3n administrativa<\/li>\n    <li>Publicidad dirigida<\/li>\n    <li>Protecci\u00f3n del sitio<\/li>\n    <li>Gesti\u00f3n de cuentas de usuario<\/li>\n<\/ul>\n\n<p>\nSi necesitamos utilizar su informaci\u00f3n para otros fines, solicitaremos su consentimiento previo.\n<\/p>\n\n<h2>C\u00f3mo compartimos su informaci\u00f3n<\/h2>\n<p>No compartimos su informaci\u00f3n personal sin consentimiento, excepto en los siguientes casos:<\/p>\n<ul>\n    <li>Servicios publicitarios<\/li>\n    <li>Patrocinadores<\/li>\n    <li>Anal\u00edtica<\/li>\n<\/ul>\n\n<p>\nTambi\u00e9n podemos divulgar su informaci\u00f3n para cumplir con la ley, hacer cumplir nuestros acuerdos o en caso de fusi\u00f3n o adquisici\u00f3n.\n<\/p>\n\n<h2>Retenci\u00f3n de su informaci\u00f3n<\/h2>\n<p>\nConservaremos su informaci\u00f3n personal entre 90 d\u00edas y 2 a\u00f1os despu\u00e9s de la inactividad de la cuenta o durante el tiempo necesario para cumplir los fines descritos.\nLos datos an\u00f3nimos pueden conservarse indefinidamente.\n<\/p>\n\n<h2>Sus derechos<\/h2>\n<p>\nPuede acceder, rectificar o eliminar sus datos, solicitar su portabilidad o retirar su consentimiento.\nPara ejercer estos derechos: <a href=\"mailto:tech@octorate.com\">tech@octorate.com<\/a>\n<\/p>\n\n<p>\nTambi\u00e9n puede darse de baja de comunicaciones de marketing escribiendo a la misma direcci\u00f3n.\n<\/p>\n\n<h2>Cookies<\/h2>\n<p>\nPara m\u00e1s informaci\u00f3n, consulte nuestra <strong>Pol\u00edtica de Cookies<\/strong>.\n<\/p>\n\n<h2>Seguridad<\/h2>\n<p>\nAdoptamos medidas de seguridad razonables, pero no podemos garantizar una seguridad absoluta de los datos.\n<\/p>\n\n<h2>Enlaces de terceros<\/h2>\n<p>\nNuestro sitio puede contener enlaces a sitios de terceros. No somos responsables de sus pol\u00edticas de privacidad.\n<\/p>\n\n<h2>Oficial de Protecci\u00f3n de Datos \/ Quejas<\/h2>\n<p>\nPara cualquier consulta:\n<\/p>\n\n<p>\n<strong>Octotable<\/strong><br>\nVia Filippo Caruso, 23<br>\nCorreo electr\u00f3nico: <a href=\"mailto:tech@octorate.com\">tech@octorate.com<\/a>\n<\/p>\n\n<p>\nResponderemos de acuerdo con la legislaci\u00f3n aplicable.\n<\/p>\n\n<p><em>Pol\u00edtica de Privacidad generada con CookieYes.<\/em><\/p>\n\n<\/body>\n<\/html>\t\t<\/div>\n\t\t\t\t<\/div>\n\t\t\t\t\t<\/div>\n\t\t\t\t<\/div>\n\t\t\t\t\t\t\t<\/div>\n\t\t","protected":false},"excerpt":{"rendered":"<p>Pol\u00edtica de Privacidad La pol\u00edtica de privacidad de Octotable describe de forma transparente c\u00f3mo se recopilan, utilizan y protegen los datos personales de los usuarios que interact\u00faan con el sitio web y los servicios de la plataforma. La gesti\u00f3n de la informaci\u00f3n est\u00e1 a cargo de Octorate Srl, que se compromete a tratar datos como [&hellip;]<\/p>\n","protected":false},"author":1,"featured_media":0,"parent":0,"menu_order":0,"comment_status":"closed","ping_status":"closed","template":"elementor_header_footer","meta":{"footnotes":""},"class_list":["post-12676","page","type-page","status-publish","hentry"],"_links":{"self":[{"href":"https:\/\/www.octotable.com\/es\/wp-json\/wp\/v2\/pages\/12676","targetHints":{"allow":["GET"]}}],"collection":[{"href":"https:\/\/www.octotable.com\/es\/wp-json\/wp\/v2\/pages"}],"about":[{"href":"https:\/\/www.octotable.com\/es\/wp-json\/wp\/v2\/types\/page"}],"author":[{"embeddable":true,"href":"https:\/\/www.octotable.com\/es\/wp-json\/wp\/v2\/users\/1"}],"replies":[{"embeddable":true,"href":"https:\/\/www.octotable.com\/es\/wp-json\/wp\/v2\/comments?post=12676"}],"version-history":[{"count":22,"href":"https:\/\/www.octotable.com\/es\/wp-json\/wp\/v2\/pages\/12676\/revisions"}],"predecessor-version":[{"id":35986,"href":"https:\/\/www.octotable.com\/es\/wp-json\/wp\/v2\/pages\/12676\/revisions\/35986"}],"wp:attachment":[{"href":"https:\/\/www.octotable.com\/es\/wp-json\/wp\/v2\/media?parent=12676"}],"curies":[{"name":"wp","href":"https:\/\/api.w.org\/{rel}","templated":true}]}}