{"id":17225,"date":"2024-12-02T16:43:22","date_gmt":"2024-12-02T15:43:22","guid":{"rendered":"https:\/\/www.octotable.com\/blog-ristorazione\/"},"modified":"2026-03-23T14:52:49","modified_gmt":"2026-03-23T13:52:49","slug":"blog-restaurantes","status":"publish","type":"page","link":"https:\/\/www.octotable.com\/es\/blog-restaurantes\/","title":{"rendered":"04 &#8211; Blog"},"content":{"rendered":"\t\t<div data-elementor-type=\"wp-page\" data-elementor-id=\"17225\" class=\"elementor elementor-17225 elementor-14884\" data-elementor-post-type=\"page\">\n\t\t\t\t\t\t\t<div class=\"elementor-element elementor-element-38dc260 e-flex e-con-boxed e-con e-parent\" data-id=\"38dc260\" data-element_type=\"container\" data-settings=\"{&quot;background_background&quot;:&quot;classic&quot;,&quot;content_width&quot;:&quot;boxed&quot;}\" data-core-v316-plus=\"true\">\n\t\t\t\t\t<div class=\"e-con-inner\">\n\t\t\t\t<div class=\"elementor-element elementor-element-d9be660 elementor-widget elementor-widget-heading\" data-id=\"d9be660\" data-element_type=\"widget\" data-widget_type=\"heading.default\">\n\t\t\t\t<div class=\"elementor-widget-container\">\n\t\t\t<style>\/*! elementor - v3.18.0 - 20-12-2023 *\/\n.elementor-heading-title{padding:0;margin:0;line-height:1}.elementor-widget-heading .elementor-heading-title[class*=elementor-size-]>a{color:inherit;font-size:inherit;line-height:inherit}.elementor-widget-heading .elementor-heading-title.elementor-size-small{font-size:15px}.elementor-widget-heading .elementor-heading-title.elementor-size-medium{font-size:19px}.elementor-widget-heading .elementor-heading-title.elementor-size-large{font-size:29px}.elementor-widget-heading .elementor-heading-title.elementor-size-xl{font-size:39px}.elementor-widget-heading .elementor-heading-title.elementor-size-xxl{font-size:59px}<\/style><h1 class=\"elementor-heading-title elementor-size-default\">El blog de Octotable<\/h1>\t\t<\/div>\n\t\t\t\t<\/div>\n\t\t\t\t<div class=\"elementor-element elementor-element-fef9b43 elementor-widget__width-inherit elementor-widget-tablet__width-initial elementor-widget elementor-widget-text-editor\" data-id=\"fef9b43\" data-element_type=\"widget\" data-widget_type=\"text-editor.default\">\n\t\t\t\t<div class=\"elementor-widget-container\">\n\t\t\t<style>\/*! elementor - v3.18.0 - 20-12-2023 *\/\n.elementor-widget-text-editor.elementor-drop-cap-view-stacked .elementor-drop-cap{background-color:#69727d;color:#fff}.elementor-widget-text-editor.elementor-drop-cap-view-framed .elementor-drop-cap{color:#69727d;border:3px solid;background-color:transparent}.elementor-widget-text-editor:not(.elementor-drop-cap-view-default) .elementor-drop-cap{margin-top:8px}.elementor-widget-text-editor:not(.elementor-drop-cap-view-default) .elementor-drop-cap-letter{width:1em;height:1em}.elementor-widget-text-editor .elementor-drop-cap{float:left;text-align:center;line-height:1;font-size:50px}.elementor-widget-text-editor .elementor-drop-cap-letter{display:inline-block}<\/style>\t\t\t\t<p>\u00a1Bienvenido a nuestro blog restaurantes! El punto de referencia para propietarios y gestores de restaurantes que desean mejorar su negocio.<\/p><p>Aqu\u00ed encontrar\u00e1s consejos pr\u00e1cticos, estrategias innovadoras y an\u00e1lisis del sector, dise\u00f1ados para ayudarte a optimizar la gesti\u00f3n, aumentar las reservas y ofrecer a tus clientes un servicio excelente.<\/p><p>\u00a1Descubre las \u00faltimas novedades, herramientas \u00fatiles y las soluciones m\u00e1s eficaces para hacer crecer tu restaurante!<\/p>\t\t\t\t\t\t<\/div>\n\t\t\t\t<\/div>\n\t\t\t\t\t<\/div>\n\t\t\t\t<\/div>\n\t\t<div class=\"elementor-element elementor-element-19283fd e-con-full e-flex e-con e-parent\" data-id=\"19283fd\" data-element_type=\"container\" data-settings=\"{&quot;content_width&quot;:&quot;full&quot;,&quot;background_background&quot;:&quot;classic&quot;}\" data-core-v316-plus=\"true\">\n\t\t<div class=\"elementor-element elementor-element-d43d338 e-flex e-con-boxed e-con e-child\" data-id=\"d43d338\" data-element_type=\"container\" data-settings=\"{&quot;content_width&quot;:&quot;boxed&quot;}\">\n\t\t\t\t\t<div class=\"e-con-inner\">\n\t\t\t\t<div class=\"elementor-element elementor-element-ef95824 elementor-posts--align-center elementor-grid-tablet-3 elementor-grid-3 elementor-grid-mobile-1 elementor-posts--thumbnail-top elementor-widget elementor-widget-posts\" data-id=\"ef95824\" data-element_type=\"widget\" data-settings=\"{&quot;classic_columns_tablet&quot;:&quot;3&quot;,&quot;classic_columns&quot;:&quot;3&quot;,&quot;classic_columns_mobile&quot;:&quot;1&quot;,&quot;classic_row_gap&quot;:{&quot;unit&quot;:&quot;px&quot;,&quot;size&quot;:35,&quot;sizes&quot;:[]},&quot;classic_row_gap_tablet&quot;:{&quot;unit&quot;:&quot;px&quot;,&quot;size&quot;:&quot;&quot;,&quot;sizes&quot;:[]},&quot;classic_row_gap_mobile&quot;:{&quot;unit&quot;:&quot;px&quot;,&quot;size&quot;:&quot;&quot;,&quot;sizes&quot;:[]}}\" data-widget_type=\"posts.classic\">\n\t\t\t\t<div class=\"elementor-widget-container\">\n\t\t\t<link rel=\"stylesheet\" href=\"https:\/\/www.octotable.com\/wp-content\/plugins\/elementor-pro\/assets\/css\/widget-posts.min.css\">\t\t<div class=\"elementor-posts-container elementor-posts elementor-posts--skin-classic elementor-grid\">\n\t\t\t\t<article class=\"elementor-post elementor-grid-item post-37362 post type-post status-publish format-standard has-post-thumbnail hentry category-non-categorizzato\">\n\t\t\t\t<a class=\"elementor-post__thumbnail__link\" href=\"https:\/\/www.octotable.com\/es\/software-para-restaurantes-2026\/\" tabindex=\"-1\" target=&quot;_blank&quot;>\n\t\t\t<div class=\"elementor-post__thumbnail\"><img fetchpriority=\"high\" decoding=\"async\" width=\"2816\" height=\"1536\" src=\"https:\/\/www.octotable.com\/wp-content\/uploads\/2026\/03\/Gemini_Generated_Image_ulv7uoulv7uoulv7-e1774968902117.png\" class=\"attachment-full size-full wp-image-36503\" alt=\"miglior software per ristoranti\" title=\"\"><\/div>\n\t\t<\/a>\n\t\t\t\t<div class=\"elementor-post__text\">\n\t\t\t\t<h3 class=\"elementor-post__title\">\n\t\t\t<a href=\"https:\/\/www.octotable.com\/es\/software-para-restaurantes-2026\/\" target=&quot;_blank&quot;>\n\t\t\t\tSoftware para restaurantes: mejores herramientas en 2026\t\t\t<\/a>\n\t\t<\/h3>\n\t\t\t\t<\/div>\n\t\t\t\t<\/article>\n\t\t\t\t<article class=\"elementor-post elementor-grid-item post-23705 post type-post status-publish format-standard has-post-thumbnail hentry category-ristorazione-2 category-ristorazione-es\">\n\t\t\t\t<a class=\"elementor-post__thumbnail__link\" href=\"https:\/\/www.octotable.com\/es\/como-la-carta-digital-transforma-los-restaurantes\/\" tabindex=\"-1\" target=&quot;_blank&quot;>\n\t\t\t<div class=\"elementor-post__thumbnail\"><img decoding=\"async\" width=\"1455\" height=\"815\" src=\"https:\/\/www.octotable.com\/wp-content\/uploads\/2025\/06\/menu-digitale-1.webp\" class=\"attachment-full size-full wp-image-22910\" alt=\"carta digital\" title=\"\" srcset=\"https:\/\/www.octotable.com\/wp-content\/uploads\/2025\/06\/menu-digitale-1.webp 1455w, https:\/\/www.octotable.com\/wp-content\/uploads\/2025\/06\/menu-digitale-1-300x168.webp 300w, https:\/\/www.octotable.com\/wp-content\/uploads\/2025\/06\/menu-digitale-1-1024x574.webp 1024w, https:\/\/www.octotable.com\/wp-content\/uploads\/2025\/06\/menu-digitale-1-768x430.webp 768w\" sizes=\"(max-width: 1455px) 100vw, 1455px\" \/><\/div>\n\t\t<\/a>\n\t\t\t\t<div class=\"elementor-post__text\">\n\t\t\t\t<h3 class=\"elementor-post__title\">\n\t\t\t<a href=\"https:\/\/www.octotable.com\/es\/como-la-carta-digital-transforma-los-restaurantes\/\" target=&quot;_blank&quot;>\n\t\t\t\tC\u00f3mo la carta digital transforma los restaurantes en 2025\t\t\t<\/a>\n\t\t<\/h3>\n\t\t\t\t<\/div>\n\t\t\t\t<\/article>\n\t\t\t\t<article class=\"elementor-post elementor-grid-item post-10896 post type-post status-publish format-standard has-post-thumbnail hentry category-non-categorizzato category-uncategorized\">\n\t\t\t\t<a class=\"elementor-post__thumbnail__link\" href=\"https:\/\/www.octotable.com\/es\/restaurante-inclusivo\/\" tabindex=\"-1\" target=&quot;_blank&quot;>\n\t\t\t<div class=\"elementor-post__thumbnail\"><img decoding=\"async\" width=\"2184\" height=\"816\" src=\"https:\/\/www.octotable.com\/wp-content\/uploads\/2023\/07\/octotable-head.webp\" class=\"attachment-full size-full wp-image-10809\" alt=\"restaurante inclusivo\" title=\"\" srcset=\"https:\/\/www.octotable.com\/wp-content\/uploads\/2023\/07\/octotable-head.webp 2184w, https:\/\/www.octotable.com\/wp-content\/uploads\/2023\/07\/octotable-head-300x112.webp 300w, https:\/\/www.octotable.com\/wp-content\/uploads\/2023\/07\/octotable-head-1024x383.webp 1024w, https:\/\/www.octotable.com\/wp-content\/uploads\/2023\/07\/octotable-head-768x287.webp 768w, https:\/\/www.octotable.com\/wp-content\/uploads\/2023\/07\/octotable-head-1536x574.webp 1536w, https:\/\/www.octotable.com\/wp-content\/uploads\/2023\/07\/octotable-head-2048x765.webp 2048w\" sizes=\"(max-width: 2184px) 100vw, 2184px\" \/><\/div>\n\t\t<\/a>\n\t\t\t\t<div class=\"elementor-post__text\">\n\t\t\t\t<h3 class=\"elementor-post__title\">\n\t\t\t<a href=\"https:\/\/www.octotable.com\/es\/restaurante-inclusivo\/\" target=&quot;_blank&quot;>\n\t\t\t\tEl Restaurante Inclusivo: Significado e implicaciones en 2023\t\t\t<\/a>\n\t\t<\/h3>\n\t\t\t\t<\/div>\n\t\t\t\t<\/article>\n\t\t\t\t<article class=\"elementor-post elementor-grid-item post-10448 post type-post status-publish format-standard has-post-thumbnail hentry category-non-categorizzato category-sin-categorizar category-uncategorized\">\n\t\t\t\t<a class=\"elementor-post__thumbnail__link\" href=\"https:\/\/www.octotable.com\/es\/no-show-significado\/\" tabindex=\"-1\" target=&quot;_blank&quot;>\n\t\t\t<div class=\"elementor-post__thumbnail\"><img loading=\"lazy\" decoding=\"async\" width=\"2560\" height=\"1272\" src=\"https:\/\/www.octotable.com\/wp-content\/uploads\/2023\/06\/pexels-huynh-dat-2313037-scaled-e1687427111745.jpg\" class=\"attachment-full size-full wp-image-10261\" alt=\"no show\" title=\"\" srcset=\"https:\/\/www.octotable.com\/wp-content\/uploads\/2023\/06\/pexels-huynh-dat-2313037-scaled-e1687427111745.jpg 2560w, https:\/\/www.octotable.com\/wp-content\/uploads\/2023\/06\/pexels-huynh-dat-2313037-scaled-e1687427111745-300x149.jpg 300w, https:\/\/www.octotable.com\/wp-content\/uploads\/2023\/06\/pexels-huynh-dat-2313037-scaled-e1687427111745-1024x509.jpg 1024w, https:\/\/www.octotable.com\/wp-content\/uploads\/2023\/06\/pexels-huynh-dat-2313037-scaled-e1687427111745-768x382.jpg 768w, https:\/\/www.octotable.com\/wp-content\/uploads\/2023\/06\/pexels-huynh-dat-2313037-scaled-e1687427111745-1536x763.jpg 1536w, https:\/\/www.octotable.com\/wp-content\/uploads\/2023\/06\/pexels-huynh-dat-2313037-scaled-e1687427111745-2048x1018.jpg 2048w\" sizes=\"(max-width: 2560px) 100vw, 2560px\" \/><\/div>\n\t\t<\/a>\n\t\t\t\t<div class=\"elementor-post__text\">\n\t\t\t\t<h3 class=\"elementor-post__title\">\n\t\t\t<a href=\"https:\/\/www.octotable.com\/es\/no-show-significado\/\" target=&quot;_blank&quot;>\n\t\t\t\tNo Show significado en el restaurante: c\u00f3mo evitarlo en 2023\t\t\t<\/a>\n\t\t<\/h3>\n\t\t\t\t<\/div>\n\t\t\t\t<\/article>\n\t\t\t\t<article class=\"elementor-post elementor-grid-item post-9375 post type-post status-publish format-standard has-post-thumbnail hentry category-non-categorizzato category-sin-categorizar category-uncategorized\">\n\t\t\t\t<a class=\"elementor-post__thumbnail__link\" href=\"https:\/\/www.octotable.com\/es\/pagina-web-restaurante\/\" tabindex=\"-1\" target=&quot;_blank&quot;>\n\t\t\t<div class=\"elementor-post__thumbnail\"><img loading=\"lazy\" decoding=\"async\" width=\"1920\" height=\"1080\" src=\"https:\/\/www.octotable.com\/wp-content\/uploads\/2023\/04\/sito-web-ristorante-2.webp\" class=\"attachment-full size-full wp-image-27338\" alt=\"sito web ristorante\" title=\"\" srcset=\"https:\/\/www.octotable.com\/wp-content\/uploads\/2023\/04\/sito-web-ristorante-2.webp 1920w, https:\/\/www.octotable.com\/wp-content\/uploads\/2023\/04\/sito-web-ristorante-2-300x169.webp 300w, https:\/\/www.octotable.com\/wp-content\/uploads\/2023\/04\/sito-web-ristorante-2-1024x576.webp 1024w, https:\/\/www.octotable.com\/wp-content\/uploads\/2023\/04\/sito-web-ristorante-2-768x432.webp 768w, https:\/\/www.octotable.com\/wp-content\/uploads\/2023\/04\/sito-web-ristorante-2-1536x864.webp 1536w\" sizes=\"(max-width: 1920px) 100vw, 1920px\" \/><\/div>\n\t\t<\/a>\n\t\t\t\t<div class=\"elementor-post__text\">\n\t\t\t\t<h3 class=\"elementor-post__title\">\n\t\t\t<a href=\"https:\/\/www.octotable.com\/es\/pagina-web-restaurante\/\" target=&quot;_blank&quot;>\n\t\t\t\tP\u00e1gina Web Restaurante: 7 caracter\u00edsticas que nunca deben faltar\t\t\t<\/a>\n\t\t<\/h3>\n\t\t\t\t<\/div>\n\t\t\t\t<\/article>\n\t\t\t\t<\/div>\n\t\t\n\t\t\t\t<\/div>\n\t\t\t\t<\/div>\n\t\t\t\t\t<\/div>\n\t\t\t\t<\/div>\n\t\t\t\t<\/div>\n\t\t<div class=\"elementor-element elementor-element-7ea42fe e-flex e-con-boxed e-con e-parent\" data-id=\"7ea42fe\" data-element_type=\"container\" data-settings=\"{&quot;background_background&quot;:&quot;classic&quot;,&quot;content_width&quot;:&quot;boxed&quot;}\" data-core-v316-plus=\"true\">\n\t\t\t\t\t<div class=\"e-con-inner\">\n\t\t\t\t<div class=\"elementor-element elementor-element-0192f88 elementor-widget elementor-widget-image-carousel\" data-id=\"0192f88\" data-element_type=\"widget\" data-settings=\"{&quot;slides_to_show&quot;:&quot;7&quot;,&quot;navigation&quot;:&quot;none&quot;,&quot;lazyload&quot;:&quot;yes&quot;,&quot;pause_on_interaction&quot;:&quot;no&quot;,&quot;autoplay_speed&quot;:1000,&quot;speed&quot;:1517,&quot;slides_to_show_tablet&quot;:&quot;6&quot;,&quot;slides_to_show_mobile&quot;:&quot;3&quot;,&quot;autoplay&quot;:&quot;yes&quot;,&quot;pause_on_hover&quot;:&quot;yes&quot;,&quot;infinite&quot;:&quot;yes&quot;}\" data-widget_type=\"image-carousel.default\">\n\t\t\t\t<div class=\"elementor-widget-container\">\n\t\t\t<style>\/*! elementor - v3.18.0 - 20-12-2023 *\/\n.elementor-widget-image-carousel .swiper,.elementor-widget-image-carousel .swiper-container{position:static}.elementor-widget-image-carousel .swiper-container .swiper-slide figure,.elementor-widget-image-carousel .swiper .swiper-slide figure{line-height:inherit}.elementor-widget-image-carousel .swiper-slide{text-align:center}.elementor-image-carousel-wrapper:not(.swiper-container-initialized):not(.swiper-initialized) .swiper-slide{max-width:calc(100% \/ var(--e-image-carousel-slides-to-show, 3))}<\/style>\t\t<div class=\"elementor-image-carousel-wrapper swiper-container\" dir=\"ltr\">\n\t\t\t<div class=\"elementor-image-carousel swiper-wrapper\" aria-live=\"off\">\n\t\t\t\t\t\t\t\t<div class=\"swiper-slide\" role=\"group\" aria-roledescription=\"slide\" aria-label=\"1 de 7\"><figure class=\"swiper-slide-inner\"><img class=\"swiper-slide-image swiper-lazy\" data-src=\"https:\/\/www.octotable.com\/wp-content\/uploads\/2025\/12\/18.webp\" alt=\"18\" \/><div class=\"swiper-lazy-preloader\"><\/div><\/figure><\/div><div class=\"swiper-slide\" role=\"group\" aria-roledescription=\"slide\" aria-label=\"2 de 7\"><figure class=\"swiper-slide-inner\"><img class=\"swiper-slide-image swiper-lazy\" data-src=\"https:\/\/www.octotable.com\/wp-content\/uploads\/2025\/12\/30.webp\" alt=\"30\" \/><div class=\"swiper-lazy-preloader\"><\/div><\/figure><\/div><div class=\"swiper-slide\" role=\"group\" aria-roledescription=\"slide\" aria-label=\"3 de 7\"><figure class=\"swiper-slide-inner\"><img class=\"swiper-slide-image swiper-lazy\" data-src=\"https:\/\/www.octotable.com\/wp-content\/uploads\/2025\/12\/26.webp\" alt=\"26\" \/><div class=\"swiper-lazy-preloader\"><\/div><\/figure><\/div><div class=\"swiper-slide\" role=\"group\" aria-roledescription=\"slide\" aria-label=\"4 de 7\"><figure class=\"swiper-slide-inner\"><img class=\"swiper-slide-image swiper-lazy\" data-src=\"https:\/\/www.octotable.com\/wp-content\/uploads\/2025\/12\/20.webp\" alt=\"20\" \/><div class=\"swiper-lazy-preloader\"><\/div><\/figure><\/div><div class=\"swiper-slide\" role=\"group\" aria-roledescription=\"slide\" aria-label=\"5 de 7\"><figure class=\"swiper-slide-inner\"><img class=\"swiper-slide-image swiper-lazy\" data-src=\"https:\/\/www.octotable.com\/wp-content\/uploads\/2025\/12\/22.webp\" alt=\"22\" \/><div class=\"swiper-lazy-preloader\"><\/div><\/figure><\/div><div class=\"swiper-slide\" role=\"group\" aria-roledescription=\"slide\" aria-label=\"6 de 7\"><figure class=\"swiper-slide-inner\"><img class=\"swiper-slide-image swiper-lazy\" data-src=\"https:\/\/www.octotable.com\/wp-content\/uploads\/2025\/12\/34.webp\" alt=\"34\" \/><div class=\"swiper-lazy-preloader\"><\/div><\/figure><\/div><div class=\"swiper-slide\" role=\"group\" aria-roledescription=\"slide\" aria-label=\"7 de 7\"><figure class=\"swiper-slide-inner\"><img class=\"swiper-slide-image swiper-lazy\" data-src=\"https:\/\/www.octotable.com\/wp-content\/uploads\/2025\/12\/32.webp\" alt=\"32\" \/><div class=\"swiper-lazy-preloader\"><\/div><\/figure><\/div>\t\t\t<\/div>\n\t\t\t\t\t\t\t\n\t\t\t\t\t\t\t\t\t<\/div>\n\t\t\t\t<\/div>\n\t\t\t\t<\/div>\n\t\t\t\t\t<\/div>\n\t\t\t\t<\/div>\n\t\t\t\t\t\t\t<\/div>\n\t\t","protected":false},"excerpt":{"rendered":"<p>El blog de Octotable \u00a1Bienvenido a nuestro blog restaurantes! El punto de referencia para propietarios y gestores de restaurantes que desean mejorar su negocio. Aqu\u00ed<\/p>\n","protected":false},"author":9,"featured_media":14187,"parent":0,"menu_order":0,"comment_status":"closed","ping_status":"closed","template":"elementor_header_footer","meta":{"footnotes":""},"class_list":["post-17225","page","type-page","status-publish","has-post-thumbnail","hentry"],"_links":{"self":[{"href":"https:\/\/www.octotable.com\/es\/wp-json\/wp\/v2\/pages\/17225","targetHints":{"allow":["GET"]}}],"collection":[{"href":"https:\/\/www.octotable.com\/es\/wp-json\/wp\/v2\/pages"}],"about":[{"href":"https:\/\/www.octotable.com\/es\/wp-json\/wp\/v2\/types\/page"}],"author":[{"embeddable":true,"href":"https:\/\/www.octotable.com\/es\/wp-json\/wp\/v2\/users\/9"}],"replies":[{"embeddable":true,"href":"https:\/\/www.octotable.com\/es\/wp-json\/wp\/v2\/comments?post=17225"}],"version-history":[{"count":32,"href":"https:\/\/www.octotable.com\/es\/wp-json\/wp\/v2\/pages\/17225\/revisions"}],"predecessor-version":[{"id":32641,"href":"https:\/\/www.octotable.com\/es\/wp-json\/wp\/v2\/pages\/17225\/revisions\/32641"}],"wp:featuredmedia":[{"embeddable":true,"href":"https:\/\/www.octotable.com\/es\/wp-json\/wp\/v2\/media\/14187"}],"wp:attachment":[{"href":"https:\/\/www.octotable.com\/es\/wp-json\/wp\/v2\/media?parent=17225"}],"curies":[{"name":"wp","href":"https:\/\/api.w.org\/{rel}","templated":true}]}}