{"id":641,"date":"2022-03-29T11:28:34","date_gmt":"2022-03-29T09:28:34","guid":{"rendered":"https:\/\/www.octotable.com\/termini-e-condizioni\/"},"modified":"2026-03-24T09:42:34","modified_gmt":"2026-03-24T08:42:34","slug":"terminos-y-condiciones","status":"publish","type":"page","link":"https:\/\/www.octotable.com\/es\/terminos-y-condiciones\/","title":{"rendered":"09 &#8211; T\u00e9rminos y condiciones\u00a0"},"content":{"rendered":"\t\t<div data-elementor-type=\"wp-page\" data-elementor-id=\"641\" class=\"elementor elementor-641 elementor-610\" data-elementor-post-type=\"page\">\n\t\t\t\t\t\t\t<div class=\"elementor-element elementor-element-c713761 e-flex e-con-boxed e-con e-parent\" data-id=\"c713761\" data-element_type=\"container\" data-settings=\"{&quot;background_background&quot;:&quot;classic&quot;,&quot;content_width&quot;:&quot;boxed&quot;}\" data-core-v316-plus=\"true\">\n\t\t\t\t\t<div class=\"e-con-inner\">\n\t\t\t\t<div class=\"elementor-element elementor-element-abe57bc elementor-widget elementor-widget-heading\" data-id=\"abe57bc\" data-element_type=\"widget\" data-widget_type=\"heading.default\">\n\t\t\t\t<div class=\"elementor-widget-container\">\n\t\t\t<style>\/*! elementor - v3.18.0 - 20-12-2023 *\/\n.elementor-heading-title{padding:0;margin:0;line-height:1}.elementor-widget-heading .elementor-heading-title[class*=elementor-size-]>a{color:inherit;font-size:inherit;line-height:inherit}.elementor-widget-heading .elementor-heading-title.elementor-size-small{font-size:15px}.elementor-widget-heading .elementor-heading-title.elementor-size-medium{font-size:19px}.elementor-widget-heading .elementor-heading-title.elementor-size-large{font-size:29px}.elementor-widget-heading .elementor-heading-title.elementor-size-xl{font-size:39px}.elementor-widget-heading .elementor-heading-title.elementor-size-xxl{font-size:59px}<\/style><h1 class=\"elementor-heading-title elementor-size-default\">T\u00e9rminos y condiciones<\/h1>\t\t<\/div>\n\t\t\t\t<\/div>\n\t\t\t\t<div class=\"elementor-element elementor-element-73db44e elementor-widget__width-inherit elementor-widget-tablet__width-initial elementor-widget elementor-widget-text-editor\" data-id=\"73db44e\" data-element_type=\"widget\" data-widget_type=\"text-editor.default\">\n\t\t\t\t<div class=\"elementor-widget-container\">\n\t\t\t<style>\/*! elementor - v3.18.0 - 20-12-2023 *\/\n.elementor-widget-text-editor.elementor-drop-cap-view-stacked .elementor-drop-cap{background-color:#69727d;color:#fff}.elementor-widget-text-editor.elementor-drop-cap-view-framed .elementor-drop-cap{color:#69727d;border:3px solid;background-color:transparent}.elementor-widget-text-editor:not(.elementor-drop-cap-view-default) .elementor-drop-cap{margin-top:8px}.elementor-widget-text-editor:not(.elementor-drop-cap-view-default) .elementor-drop-cap-letter{width:1em;height:1em}.elementor-widget-text-editor .elementor-drop-cap{float:left;text-align:center;line-height:1;font-size:50px}.elementor-widget-text-editor .elementor-drop-cap-letter{display:inline-block}<\/style>\t\t\t\t<p data-path-to-node=\"1\">La secci\u00f3n dedicada a los t\u00e9rminos y condiciones de Octotable define el marco contractual y operativo entre la plataforma y los profesionales de la restauraci\u00f3n. Octotable es un servicio gestionado por Octorate Srl que proporciona un Booking Engine avanzado para la gesti\u00f3n de reservas en tiempo real, sin la aplicaci\u00f3n de comisiones sobre las transacciones.<\/p>\t\t\t\t\t\t<\/div>\n\t\t\t\t<\/div>\n\t\t\t\t\t<\/div>\n\t\t\t\t<\/div>\n\t\t\t\t<section class=\"elementor-section elementor-top-section elementor-element elementor-element-3dfd4790 elementor-section-boxed elementor-section-height-default elementor-section-height-default\" data-id=\"3dfd4790\" data-element_type=\"section\">\n\t\t\t\t\t\t<div class=\"elementor-container elementor-column-gap-default\">\n\t\t\t\t\t<div class=\"elementor-column elementor-col-100 elementor-top-column elementor-element elementor-element-34bbe822\" data-id=\"34bbe822\" data-element_type=\"column\">\n\t\t\t<div class=\"elementor-widget-wrap elementor-element-populated\">\n\t\t\t\t\t\t\t\t<div class=\"elementor-element elementor-element-34a17a5a elementor-widget elementor-widget-text-editor\" data-id=\"34a17a5a\" data-element_type=\"widget\" data-widget_type=\"text-editor.default\">\n\t\t\t\t<div class=\"elementor-widget-container\">\n\t\t\t\t\t\t\t<p>La plataforma Octotable es un servicio ofrecido por Octorate Srl con sede en Via Filippo Caruso, 23, 00173, Roma.<\/p>\n<p><strong>Sitio web<\/strong>: <a href=\"http:\/\/www.octotable.com\" target=\"_new\" rel=\"noopener\">www.octotable.com<\/a><br><strong>Plataforma<\/strong>: admin.octotable.com<\/p>\n<p>OctoTable (en adelante OT) es un motor de reservas que permite reservas en tiempo real desde el sitio web del restaurante e incluye otros servicios que ayudan en los procesos del sector de la restauraci\u00f3n.<\/p>\n<p>Las reservas realizadas a trav\u00e9s de OT son completamente gratuitas; no se requiere ninguna comisi\u00f3n por transacciones.<\/p>\n<p>Este sistema ofrece a los propietarios de restaurantes la posibilidad de configurar los horarios de reserva y otros servicios relacionados.<\/p>\n<p><strong>Nota:<\/strong> Los servicios ofrecidos por OT se caracterizan por una tecnolog\u00eda en constante evoluci\u00f3n.<\/p>\n<p>OT se reserva el derecho de realizar cambios en los servicios ofrecidos a su discreci\u00f3n y en cualquier momento si se considera necesario, y siempre que los cambios tecnol\u00f3gicos lo requieran. Estos cambios pueden afectar a los servicios y la forma en que se ofrecen al cliente, con el objetivo de mejorar continuamente y optimizar los servicios prestados.<\/p>\n<p><span style=\"font-size: 19.2px;\"><b>OCTOSITE \u2013 WEBSITE BUILDER Y RESPONSABILIDAD LEGAL DEL USUARIO<\/b><\/span><\/p>\n<p>OctoSite es un servicio ofrecido por Octorate Srl que permite a los usuarios crear y gestionar su propio sitio web a trav\u00e9s de un website builder dedicado.<\/p>\n<p>El usuario que utiliza OctoSite es el \u00fanico y directo responsable del contenido publicado en su sitio web, incluyendo, pero sin limitarse a:<\/p>\n<ul>\n<li><strong>T\u00e9rminos y Condiciones personalizados<\/strong>, que regulan el uso del sitio por parte de los visitantes;<\/li>\n<li><strong>Pol\u00edtica de Privacidad<\/strong>, conforme al Reglamento UE 679\/2016 (GDPR) y a las normativas locales aplicables;<\/li>\n<li><strong>Pol\u00edtica de Cookies<\/strong>, con la implementaci\u00f3n de un banner de cookies claro y transparente en conformidad con el GDPR u otras normativas aplicables en el pa\u00eds de referencia del usuario;<\/li>\n<li>Cualquier otro aviso legal o documentaci\u00f3n requerida por la normativa vigente.<\/li>\n<\/ul>\n<p>OT proporciona exclusivamente el software para la creaci\u00f3n del sitio web y no asume ninguna responsabilidad sobre el contenido publicado por los usuarios ni sobre su cumplimiento legal. Es responsabilidad del usuario asegurarse de que su sitio web cumple con todas las normativas vigentes en materia de protecci\u00f3n de datos personales, publicidad en l\u00ednea, comercio electr\u00f3nico y otras disposiciones legales aplicables.<\/p>\n<p><span style=\"font-size: 19.2px;\"><br><\/span><b style=\"font-size: 1.2em;\">ENLACE<\/b><\/p>\n<p>El uso del software de reservas en l\u00ednea y su integraci\u00f3n en el sitio web de la actividad se realiza activando un enlace que se proporcionar\u00e1 en el momento del registro y configuraci\u00f3n del sitio.<\/p>\n<p>OT crear\u00e1 una p\u00e1gina de reservas en l\u00ednea para cada suscriptor.<\/p>\n<p>No ser\u00e1 necesario realizar m\u00e1s modificaciones ni instalar software adicional.<\/p>\n<p><strong>INGRESO DE DATOS<\/strong><\/p>\n<p>El representante de la actividad es responsable de ingresar los datos en l\u00ednea (tarifas, horarios de reserva, etc.). El programa es accesible las 24 horas del d\u00eda a trav\u00e9s de internet, sujeto a la disponibilidad de este servicio ofrecido al cliente por parte del proveedor de servicios de internet.<\/p>\n<p>El nombre de usuario y la contrase\u00f1a necesarios para acceder al sistema de gesti\u00f3n ser\u00e1n elegidos por la persona que representa la actividad, quien ser\u00e1 responsable de garantizar la confidencialidad y no divulgar dicha informaci\u00f3n a terceros.<\/p>\n<p><strong>SISTEMA DE RESERVAS<\/strong><\/p>\n<p>Las reservas se realizan completamente en l\u00ednea a trav\u00e9s de un servidor seguro SSL, basado en los datos previamente ingresados en el sistema por la actividad, que asume la total responsabilidad por la exactitud de la informaci\u00f3n.<\/p>\n<p>Claramente, OT no act\u00faa como intermediario; solo proporciona el software que permite la reserva en l\u00ednea.<\/p>\n<p><strong>DURACI\u00d3N DEL CONTRATO<\/strong><\/p>\n<p><span style=\"font-size: 19.2px;\">El contrato entra en vigor en el momento del registro y tendr\u00e1 una duraci\u00f3n igual al per\u00edodo de suscripci\u00f3n elegido por el Usuario (mensual, semestral o anual), a partir de dicha fecha.<\/span><\/p>\n<p><span style=\"font-size: 19.2px;\">Es necesario adquirir un cr\u00e9dito prepago, utilizable para la activaci\u00f3n o renovaci\u00f3n de los servicios de OT. Dicho cr\u00e9dito no es reembolsable, incluso en caso de no utilizaci\u00f3n total o parcial.<\/span><\/p>\n<p><strong>JURISDICCI\u00d3N<\/strong><\/p>\n<p>El presente contrato debe interpretarse y regirse de acuerdo con la ley italiana. Para todo lo no expresamente regulado por este contrato, se aplicar\u00e1n las disposiciones del C\u00f3digo Civil. Para cualquier controversia relacionada con la interpretaci\u00f3n y\/o ejecuci\u00f3n del presente contrato, ser\u00e1 competente exclusivamente el Tribunal de Roma.<\/p>\n<p><strong>INFORMACI\u00d3N SOBRE EL TRATAMIENTO DE DATOS<\/strong><\/p>\n<p><strong>Pol\u00edtica de Privacidad<\/strong><\/p>\n<p>Informaci\u00f3n sobre el tratamiento de datos personales seg\u00fan el Reglamento UE 679\/2016 (GDPR).<\/p>\n<p>Le informamos, en virtud del art. 13 del Reglamento UE 679\/2016 (GDPR), que nuestra empresa proceder\u00e1 al tratamiento de los datos personales que usted proporcione en conformidad con la normativa en materia de protecci\u00f3n de datos personales y en cumplimiento de las obligaciones y garant\u00edas de las disposiciones legales, contractuales y reglamentarias.<\/p>\n<p>Los datos personales que usted proporciona se recopilan para los siguientes fines:<\/p>\n<ul>\n<li>Prestaci\u00f3n de los servicios solicitados y gesti\u00f3n de eventuales reclamaciones y\/o controversias;<\/li>\n<li>Env\u00edo de comunicaciones comerciales relacionadas con productos, servicios o iniciativas del Editor y\/o de sus socios comerciales o de empresas terceras; actividades de venta y colocaci\u00f3n directa e indirecta; encuestas de satisfacci\u00f3n del cliente sobre la calidad de los servicios prestados; realizaci\u00f3n de estudios e investigaciones estad\u00edsticas y de mercado. La falta, parcial o incorrecta aportaci\u00f3n de sus datos podr\u00eda tener como consecuencia la imposibilidad de proporcionarle los servicios solicitados.<\/li>\n<\/ul>\n<p>Los tratamientos mencionados en los puntos 1 y 2 pueden realizarse por medios inform\u00e1ticos o manuales mediante procedimientos que garanticen el cumplimiento de las disposiciones normativas vigentes.<\/p>\n<p>Dentro de nuestra organizaci\u00f3n, los datos solo podr\u00e1n ser conocidos por sujetos espec\u00edficamente autorizados e instruidos.<\/p>\n<p>El responsable del tratamiento es la empresa Octorate Srl con sede legal en Via Filippo Caruso, 23, 00173, Roma (Italia).<\/p>\n<p>El interesado puede ejercer los derechos previstos por el Reglamento UE en cualquier momento.<\/p>\n<p>Para ejercer los derechos previstos por el Reglamento UE (art. 15 Derecho de acceso; art. 16 Rectificaci\u00f3n; art. 17 Cancelaci\u00f3n) es necesario escribir a <a rel=\"noopener\">tech@octorate.com<\/a>.<\/p>\n<p>Se informa que, por motivos t\u00e9cnicos, el tiempo necesario para la eventual eliminaci\u00f3n de sus datos personales del archivo ser\u00e1 como m\u00e1ximo de 5 d\u00edas laborables. Aqu\u00ed el enlace a la Pol\u00edtica de Privacidad para detalles t\u00e9cnicos.<\/p>\n<p>Aqu\u00ed est\u00e1 la&nbsp;<a href=\"https:\/\/www.octotable.com\/es\/privacy-policy\/\" target=\"_blank\" rel=\"noopener\">pol\u00edtica de privacidad<\/a>&nbsp;para detalles t\u00e9cnicos<\/p>\n<p><strong>Pol\u00edtica de Cookies<\/strong><\/p>\n<p>El sitio octotable.com, como el resto del mercado, utiliza cookies, que son breves cadenas de texto enviadas por el servidor del sitio al navegador del usuario\/visitante y que se guardan autom\u00e1ticamente en el ordenador del usuario\/visitante. El objetivo principal de estas cookies es hacer m\u00e1s accesible la navegaci\u00f3n por el sitio, por lo que se recomienda configurar su navegador para aceptarlas.<\/p>\n<p>Casi todos los navegadores est\u00e1n configurados para aceptar cookies; sin embargo, el usuario\/visitante puede modificar la configuraci\u00f3n de su navegador y bloquear las cookies (opt-out) de forma independiente. Es importante saber que, en caso de bloqueo de cookies, la usabilidad del sitio <a href=\"http:\/\/www.octotable.com\" target=\"_new\" rel=\"noopener\">www.octotable.com<\/a> y el uso de algunos servicios podr\u00edan verse muy limitados o imposibles, especialmente en aquellos servicios accesibles mediante registro.<\/p>\n<p>Las cookies se dividen en \u00abde sesi\u00f3n\u00bb y \u00abpersistentes\u00bb. Las primeras, una vez descargadas, se eliminan al cerrar el navegador, mientras que las segundas se almacenan en el disco duro del usuario\/visitante hasta su expiraci\u00f3n.<\/p>\n<p>Las cookies persistentes se utilizan principalmente para facilitar la navegaci\u00f3n del sitio, para comprender qu\u00e9 secciones del sitio han generado un cierto n\u00famero de p\u00e1ginas y usuarios, y tambi\u00e9n para la entrega de formatos publicitarios. En relaci\u00f3n con los mensajes publicitarios, octotable.com, como la mayor\u00eda de los sitios competidores, utiliza cookies generadas por otros sitios para entregar formatos publicitarios. Estas cookies pueden desactivarse (opt-out) en cualquier momento, incluso si son an\u00f3nimas, es decir, no recopilan informaci\u00f3n personal que pueda identificar al usuario (por ejemplo, la direcci\u00f3n IP). Cabe destacar que los datos de navegador eventualmente identificados mediante una cookie no pueden rastrear al usuario y no se recopilan. Las cookies de sesi\u00f3n se utilizan principalmente en la fase de autenticaci\u00f3n, autorizaci\u00f3n y navegaci\u00f3n en los servicios accesibles mediante registro. (Pol\u00edtica de Cookies). Aqu\u00ed el enlace a la Pol\u00edtica de Cookies para detalles t\u00e9cnicos.<\/p>\n<p>Aqu\u00ed est\u00e1 la&nbsp;<a href=\"https:\/\/www.octotable.com\/es\/cookie-policy\/\" target=\"_blank\" rel=\"noopener\">pol\u00edtica de cookies<\/a>&nbsp;para detalles t\u00e9cnicos<\/p>\n<p><strong>Modificaciones a la Pol\u00edtica de Privacidad<\/strong><\/p>\n<p>La presente Pol\u00edtica de Privacidad puede sufrir modificaciones a lo largo del tiempo, tambi\u00e9n en relaci\u00f3n con la posible entrada en vigor de nuevas normativas sectoriales, la actualizaci\u00f3n o prestaci\u00f3n de nuevos servicios, o innovaciones tecnol\u00f3gicas. Por lo tanto, se invita al usuario\/visitante a revisar peri\u00f3dicamente esta p\u00e1gina<\/p>\t\t\t\t\t\t<\/div>\n\t\t\t\t<\/div>\n\t\t\t\t\t<\/div>\n\t\t<\/div>\n\t\t\t\t\t\t\t<\/div>\n\t\t<\/section>\n\t\t\t\t\t\t\t<\/div>\n\t\t","protected":false},"excerpt":{"rendered":"<p>T\u00e9rminos y condiciones La secci\u00f3n dedicada a los t\u00e9rminos y condiciones de Octotable define el marco contractual y operativo entre la plataforma y los profesionales de la restauraci\u00f3n. Octotable es un servicio gestionado por Octorate Srl que proporciona un Booking Engine avanzado para la gesti\u00f3n de reservas en tiempo real, sin la aplicaci\u00f3n de comisiones [&hellip;]<\/p>\n","protected":false},"author":1,"featured_media":0,"parent":0,"menu_order":0,"comment_status":"closed","ping_status":"closed","template":"elementor_header_footer","meta":{"footnotes":""},"class_list":["post-641","page","type-page","status-publish","hentry"],"_links":{"self":[{"href":"https:\/\/www.octotable.com\/es\/wp-json\/wp\/v2\/pages\/641","targetHints":{"allow":["GET"]}}],"collection":[{"href":"https:\/\/www.octotable.com\/es\/wp-json\/wp\/v2\/pages"}],"about":[{"href":"https:\/\/www.octotable.com\/es\/wp-json\/wp\/v2\/types\/page"}],"author":[{"embeddable":true,"href":"https:\/\/www.octotable.com\/es\/wp-json\/wp\/v2\/users\/1"}],"replies":[{"embeddable":true,"href":"https:\/\/www.octotable.com\/es\/wp-json\/wp\/v2\/comments?post=641"}],"version-history":[{"count":74,"href":"https:\/\/www.octotable.com\/es\/wp-json\/wp\/v2\/pages\/641\/revisions"}],"predecessor-version":[{"id":36013,"href":"https:\/\/www.octotable.com\/es\/wp-json\/wp\/v2\/pages\/641\/revisions\/36013"}],"wp:attachment":[{"href":"https:\/\/www.octotable.com\/es\/wp-json\/wp\/v2\/media?parent=641"}],"curies":[{"name":"wp","href":"https:\/\/api.w.org\/{rel}","templated":true}]}}