{"id":12638,"date":"2024-08-20T15:10:39","date_gmt":"2024-08-20T13:10:39","guid":{"rendered":"https:\/\/www.octotable.com\/?page_id=12638"},"modified":"2026-03-24T12:37:08","modified_gmt":"2026-03-24T11:37:08","slug":"cookie-policy","status":"publish","type":"page","link":"https:\/\/www.octotable.com\/fr\/cookie-policy\/","title":{"rendered":"10 &#8211; Cookie Policy"},"content":{"rendered":"\t\t<div data-elementor-type=\"wp-page\" data-elementor-id=\"12638\" class=\"elementor elementor-12638 elementor-12621\" data-elementor-post-type=\"page\">\n\t\t\t\t\t\t\t<div class=\"elementor-element elementor-element-aab765d e-flex e-con-boxed e-con e-parent\" data-id=\"aab765d\" data-element_type=\"container\" data-settings=\"{&quot;background_background&quot;:&quot;classic&quot;,&quot;content_width&quot;:&quot;boxed&quot;}\" data-core-v316-plus=\"true\">\n\t\t\t\t\t<div class=\"e-con-inner\">\n\t\t\t\t<div class=\"elementor-element elementor-element-320621e elementor-widget elementor-widget-heading\" data-id=\"320621e\" data-element_type=\"widget\" data-widget_type=\"heading.default\">\n\t\t\t\t<div class=\"elementor-widget-container\">\n\t\t\t<style>\/*! elementor - v3.18.0 - 20-12-2023 *\/\n.elementor-heading-title{padding:0;margin:0;line-height:1}.elementor-widget-heading .elementor-heading-title[class*=elementor-size-]>a{color:inherit;font-size:inherit;line-height:inherit}.elementor-widget-heading .elementor-heading-title.elementor-size-small{font-size:15px}.elementor-widget-heading .elementor-heading-title.elementor-size-medium{font-size:19px}.elementor-widget-heading .elementor-heading-title.elementor-size-large{font-size:29px}.elementor-widget-heading .elementor-heading-title.elementor-size-xl{font-size:39px}.elementor-widget-heading .elementor-heading-title.elementor-size-xxl{font-size:59px}<\/style><h1 class=\"elementor-heading-title elementor-size-default\">Cookie Policy<\/h1>\t\t<\/div>\n\t\t\t\t<\/div>\n\t\t\t\t<div class=\"elementor-element elementor-element-ccfa2b8 elementor-widget__width-inherit elementor-widget-tablet__width-initial elementor-widget elementor-widget-text-editor\" data-id=\"ccfa2b8\" data-element_type=\"widget\" data-widget_type=\"text-editor.default\">\n\t\t\t\t<div class=\"elementor-widget-container\">\n\t\t\t<style>\/*! elementor - v3.18.0 - 20-12-2023 *\/\n.elementor-widget-text-editor.elementor-drop-cap-view-stacked .elementor-drop-cap{background-color:#69727d;color:#fff}.elementor-widget-text-editor.elementor-drop-cap-view-framed .elementor-drop-cap{color:#69727d;border:3px solid;background-color:transparent}.elementor-widget-text-editor:not(.elementor-drop-cap-view-default) .elementor-drop-cap{margin-top:8px}.elementor-widget-text-editor:not(.elementor-drop-cap-view-default) .elementor-drop-cap-letter{width:1em;height:1em}.elementor-widget-text-editor .elementor-drop-cap{float:left;text-align:center;line-height:1;font-size:50px}.elementor-widget-text-editor .elementor-drop-cap-letter{display:inline-block}<\/style>\t\t\t\t<p data-path-to-node=\"1\">Octotable\u2019s Cookie Policy explains what cookies are and how they are used on the website to ensure the proper functioning of the platform, enhance security, and provide an optimized user experience. Cookies also allow us to analyze website performance and deliver more relevant content and advertising. Users can manage their preferences at any time by modifying or withdrawing their consent through the dedicated settings or directly via their browser.<\/p>\t\t\t\t\t\t<\/div>\n\t\t\t\t<\/div>\n\t\t\t\t\t<\/div>\n\t\t\t\t<\/div>\n\t\t<div class=\"elementor-element elementor-element-618b4e4d e-flex e-con-boxed e-con e-parent\" data-id=\"618b4e4d\" data-element_type=\"container\" data-settings=\"{&quot;content_width&quot;:&quot;boxed&quot;}\" data-core-v316-plus=\"true\">\n\t\t\t\t\t<div class=\"e-con-inner\">\n\t\t\t\t<div class=\"elementor-element elementor-element-6186295 elementor-widget elementor-widget-html\" data-id=\"6186295\" data-element_type=\"widget\" data-widget_type=\"html.default\">\n\t\t\t\t<div class=\"elementor-widget-container\">\n\t\t\t<!DOCTYPE html>\n<html lang=\"fr\">\n<head>\n    <meta charset=\"UTF-8\">\n    <meta name=\"viewport\" content=\"width=device-width, initial-scale=1.0\">\n    <title>Politique de Cookies<\/title>\n<\/head>\n<body>\n\n\n    <h2>Qu'est-ce que les cookies ?<\/h2>\n    <p>\n        Cette Politique de Cookies explique ce que sont les cookies, comment nous les utilisons,\n        les types de cookies que nous utilisons, c'est-\u00e0-dire les informations que nous recueillons\n        \u00e0 l'aide des cookies, comment ces informations sont utilis\u00e9es, et comment g\u00e9rer les param\u00e8tres\n        des cookies.\n    <\/p>\n\n    <p>\n        Les cookies sont de petits fichiers texte utilis\u00e9s pour stocker de petites informations.\n        Ils sont stock\u00e9s sur votre appareil lorsque le site web est charg\u00e9 dans votre navigateur.\n        Ces cookies nous aident \u00e0 faire fonctionner correctement le site web, \u00e0 le rendre plus s\u00e9curis\u00e9,\n        \u00e0 offrir une meilleure exp\u00e9rience utilisateur, et \u00e0 comprendre comment le site web fonctionne\n        ainsi qu'\u00e0 analyser ce qui fonctionne et o\u00f9 des am\u00e9liorations sont n\u00e9cessaires.\n    <\/p>\n\n    <h2>Comment utilisons-nous les cookies ?<\/h2>\n    <p>\n        Comme la plupart des services en ligne, notre site web utilise des cookies propri\u00e9taires et\n        des cookies tiers \u00e0 diverses fins. Les cookies propri\u00e9taires sont principalement n\u00e9cessaires\n        au bon fonctionnement du site web et ne collectent aucune de vos donn\u00e9es personnelles identifiables.\n    <\/p>\n\n    <p>\n        Les cookies tiers utilis\u00e9s sur notre site web servent principalement \u00e0 comprendre comment le site\n        web fonctionne, comment vous interagissez avec notre site, \u00e0 s\u00e9curiser nos services, \u00e0 fournir\n        des publicit\u00e9s pertinentes pour vous, et globalement \u00e0 vous offrir une exp\u00e9rience utilisateur\n        am\u00e9lior\u00e9e tout en acc\u00e9l\u00e9rant vos futures interactions avec notre site web.\n    <\/p>\n\n    <h2>G\u00e9rer les pr\u00e9f\u00e9rences de cookies<\/h2>\n    <p><strong>Param\u00e8tres des Cookies<\/strong><\/p>\n\n    <p>\n        Vous pouvez modifier vos pr\u00e9f\u00e9rences de cookies \u00e0 tout moment en cliquant sur le bouton ci-dessus.\n        Cela vous permettra de revoir la banni\u00e8re de consentement des cookies et de modifier vos pr\u00e9f\u00e9rences\n        ou de retirer votre consentement imm\u00e9diatement.\n    <\/p>\n\n    <p>\n        De plus, les diff\u00e9rents navigateurs fournissent diff\u00e9rentes m\u00e9thodes pour bloquer et supprimer\n        les cookies utilis\u00e9s par les sites web. Vous pouvez modifier les param\u00e8tres de votre navigateur\n        pour bloquer ou supprimer les cookies. Voici les liens vers les documents d'assistance sur la\n        gestion et la suppression des cookies pour les principaux navigateurs web :\n    <\/p>\n\n    <ul>\n        <li>\n            Chrome :\n            <a href=\"https:\/\/support.google.com\/accounts\/answer\/32050\" target=\"_blank\" rel=\"noopener noreferrer nofollow\">\n                https:\/\/support.google.com\/accounts\/answer\/32050\n            <\/a>\n        <\/li>\n        <li>\n            Safari :\n            <a href=\"https:\/\/support.apple.com\/en-in\/guide\/safari\/sfri11471\/mac\" target=\"_blank\" rel=\"noopener noreferrer nofollow\">\n                https:\/\/support.apple.com\/en-in\/guide\/safari\/sfri11471\/mac\n            <\/a>\n        <\/li>\n        <li>\n            Firefox :\n            <a href=\"https:\/\/support.mozilla.org\/en-US\/kb\/clear-cookies-and-site-data-firefox?redirectslug=delete-cookies-remove-info-websites-stored&amp;redirectlocale=en-US\" target=\"_blank\" rel=\"noopener noreferrer nofollow\">\n                https:\/\/support.mozilla.org\/en-US\/kb\/clear-cookies-and-site-data-firefox?redirectslug=delete-cookies-remove-info-websites-stored&redirectlocale=en-US\n            <\/a>\n        <\/li>\n        <li>\n            Internet Explorer :\n            <a href=\"https:\/\/support.microsoft.com\/en-us\/topic\/how-to-delete-cookie-files-in-internet-explorer-bca9446f-d873-78de-77ba-d42645fa52fc\" target=\"_blank\" rel=\"noopener noreferrer nofollow\">\n                https:\/\/support.microsoft.com\/en-us\/topic\/how-to-delete-cookie-files-in-internet-explorer-bca9446f-d873-78de-77ba-d42645fa52fc\n            <\/a>\n        <\/li>\n    <\/ul>\n\n    <p>\n        Si vous utilisez un autre navigateur web, veuillez consulter les documents d'assistance officiels\n        de votre navigateur.\n    <\/p>\n\n    <p><em>Politique de Cookies g\u00e9n\u00e9r\u00e9e par CookieYes - G\u00e9n\u00e9rateur de Politique de Cookies.<\/em><\/p>\n\n<\/body>\n<\/html>\t\t<\/div>\n\t\t\t\t<\/div>\n\t\t\t\t\t<\/div>\n\t\t\t\t<\/div>\n\t\t\t\t\t\t\t<\/div>\n\t\t","protected":false},"excerpt":{"rendered":"<p>Cookie Policy Octotable\u2019s Cookie Policy explains what cookies are and how they are used on the website to ensure the proper functioning of the platform, enhance security, and provide an optimized user experience. Cookies also allow us to analyze website performance and deliver more relevant content and advertising. Users can manage their preferences at any [&hellip;]<\/p>\n","protected":false},"author":1,"featured_media":0,"parent":0,"menu_order":0,"comment_status":"closed","ping_status":"closed","template":"elementor_header_footer","meta":{"footnotes":""},"class_list":["post-12638","page","type-page","status-publish","hentry"],"_links":{"self":[{"href":"https:\/\/www.octotable.com\/fr\/wp-json\/wp\/v2\/pages\/12638","targetHints":{"allow":["GET"]}}],"collection":[{"href":"https:\/\/www.octotable.com\/fr\/wp-json\/wp\/v2\/pages"}],"about":[{"href":"https:\/\/www.octotable.com\/fr\/wp-json\/wp\/v2\/types\/page"}],"author":[{"embeddable":true,"href":"https:\/\/www.octotable.com\/fr\/wp-json\/wp\/v2\/users\/1"}],"replies":[{"embeddable":true,"href":"https:\/\/www.octotable.com\/fr\/wp-json\/wp\/v2\/comments?post=12638"}],"version-history":[{"count":6,"href":"https:\/\/www.octotable.com\/fr\/wp-json\/wp\/v2\/pages\/12638\/revisions"}],"predecessor-version":[{"id":36047,"href":"https:\/\/www.octotable.com\/fr\/wp-json\/wp\/v2\/pages\/12638\/revisions\/36047"}],"wp:attachment":[{"href":"https:\/\/www.octotable.com\/fr\/wp-json\/wp\/v2\/media?parent=12638"}],"curies":[{"name":"wp","href":"https:\/\/api.w.org\/{rel}","templated":true}]}}