{"id":610,"date":"2018-05-21T11:28:34","date_gmt":"2018-05-21T09:28:34","guid":{"rendered":"http:\/\/www.octotable.com\/wordpress\/?page_id=610"},"modified":"2026-03-24T09:41:48","modified_gmt":"2026-03-24T08:41:48","slug":"termini-e-condizioni","status":"publish","type":"page","link":"https:\/\/www.octotable.com\/it\/termini-e-condizioni\/","title":{"rendered":"09 &#8211; Termini e condizioni"},"content":{"rendered":"\t\t<div data-elementor-type=\"wp-page\" data-elementor-id=\"610\" class=\"elementor elementor-610\" data-elementor-post-type=\"page\">\n\t\t\t\t\t\t\t<div class=\"elementor-element elementor-element-04a313e e-flex e-con-boxed e-con e-parent\" data-id=\"04a313e\" data-element_type=\"container\" data-settings=\"{&quot;background_background&quot;:&quot;classic&quot;,&quot;content_width&quot;:&quot;boxed&quot;}\" data-core-v316-plus=\"true\">\n\t\t\t\t\t<div class=\"e-con-inner\">\n\t\t\t\t<div class=\"elementor-element elementor-element-03fdcc9 elementor-widget elementor-widget-heading\" data-id=\"03fdcc9\" data-element_type=\"widget\" data-widget_type=\"heading.default\">\n\t\t\t\t<div class=\"elementor-widget-container\">\n\t\t\t<style>\/*! elementor - v3.18.0 - 20-12-2023 *\/\n.elementor-heading-title{padding:0;margin:0;line-height:1}.elementor-widget-heading .elementor-heading-title[class*=elementor-size-]>a{color:inherit;font-size:inherit;line-height:inherit}.elementor-widget-heading .elementor-heading-title.elementor-size-small{font-size:15px}.elementor-widget-heading .elementor-heading-title.elementor-size-medium{font-size:19px}.elementor-widget-heading .elementor-heading-title.elementor-size-large{font-size:29px}.elementor-widget-heading .elementor-heading-title.elementor-size-xl{font-size:39px}.elementor-widget-heading .elementor-heading-title.elementor-size-xxl{font-size:59px}<\/style><h1 class=\"elementor-heading-title elementor-size-default\">Termini e condizioni<\/h1>\t\t<\/div>\n\t\t\t\t<\/div>\n\t\t\t\t<div class=\"elementor-element elementor-element-f188981 elementor-widget__width-inherit elementor-widget-tablet__width-initial elementor-widget elementor-widget-text-editor\" data-id=\"f188981\" data-element_type=\"widget\" data-widget_type=\"text-editor.default\">\n\t\t\t\t<div class=\"elementor-widget-container\">\n\t\t\t<style>\/*! elementor - v3.18.0 - 20-12-2023 *\/\n.elementor-widget-text-editor.elementor-drop-cap-view-stacked .elementor-drop-cap{background-color:#69727d;color:#fff}.elementor-widget-text-editor.elementor-drop-cap-view-framed .elementor-drop-cap{color:#69727d;border:3px solid;background-color:transparent}.elementor-widget-text-editor:not(.elementor-drop-cap-view-default) .elementor-drop-cap{margin-top:8px}.elementor-widget-text-editor:not(.elementor-drop-cap-view-default) .elementor-drop-cap-letter{width:1em;height:1em}.elementor-widget-text-editor .elementor-drop-cap{float:left;text-align:center;line-height:1;font-size:50px}.elementor-widget-text-editor .elementor-drop-cap-letter{display:inline-block}<\/style>\t\t\t\t<p data-path-to-node=\"1\">La sezione dedicata ai termini e condizioni di Octotable definisce il quadro contrattuale e operativo tra la piattaforma e i professionisti della ristorazione. Octotable \u00e8 un servizio gestito da Octorate Srl che fornisce un Booking Engine avanzato per la gestione delle prenotazioni in tempo reale, senza l&#8217;applicazione di commissioni sulle transazioni.<\/p>\t\t\t\t\t\t<\/div>\n\t\t\t\t<\/div>\n\t\t\t\t\t<\/div>\n\t\t\t\t<\/div>\n\t\t\t\t<section class=\"elementor-section elementor-top-section elementor-element elementor-element-3dfd4790 elementor-section-boxed elementor-section-height-default elementor-section-height-default\" data-id=\"3dfd4790\" data-element_type=\"section\" data-settings=\"{&quot;background_background&quot;:&quot;classic&quot;}\">\n\t\t\t\t\t\t<div class=\"elementor-container elementor-column-gap-default\">\n\t\t\t\t\t<div class=\"elementor-column elementor-col-100 elementor-top-column elementor-element elementor-element-34bbe822\" data-id=\"34bbe822\" data-element_type=\"column\">\n\t\t\t<div class=\"elementor-widget-wrap elementor-element-populated\">\n\t\t\t\t\t\t\t\t<div class=\"elementor-element elementor-element-34a17a5a elementor-widget elementor-widget-text-editor\" data-id=\"34a17a5a\" data-element_type=\"widget\" data-widget_type=\"text-editor.default\">\n\t\t\t\t<div class=\"elementor-widget-container\">\n\t\t\t\t\t\t\t<p>La piattaforma Octotable \u00e8 un servizio offerto da Octorate Srl con sede in Via Filippo Caruso, 23, 00173, Roma.<\/p>\n<p>Sito web: <a href=\"http:\/\/www.octotable.com\" target=\"_new\" rel=\"noopener\">www.octotable.com<\/a><br>Piattaforma: admin.octotable.com<\/p>\n<p>OctoTable (di seguito OT) \u00e8 un Booking Engine che consente prenotazioni in tempo reale dal sito web del ristorante e include altri servizi che aiutano i processi del mondo della ristorazione.<\/p>\n<p>Le prenotazioni effettuate tramite OT sono completamente gratuite; non \u00e8 richiesta alcuna commissione sulle transazioni.<\/p>\n<p>Questo sistema offre ai proprietari dei ristoranti la possibilit\u00e0 di configurare gli orari di prenotazione ed eventuali altri servizi correlati.<\/p>\n<p><strong>Nota:<\/strong> I servizi offerti da OT sono caratterizzati da una tecnologia in continua evoluzione.<\/p>\n<p>OT si riserva il diritto di apportare modifiche ai servizi offerti a propria discrezione e in qualsiasi momento, se ritenuto necessario, e ogni volta che i cambiamenti tecnologici lo richiedano. Queste modifiche possono riguardare i servizi e il modo in cui vengono offerti al cliente, con l&#8217;obiettivo di migliorare continuamente e ottimizzare i servizi forniti.<\/p>\n<p><b style=\"font-size: 1.2em;\">OCTOSITE \u2013 WEBSITE BUILDER E RESPONSABILIT\u00c0 LEGALE DELL&#8217;UTENTE<\/b><\/p>\n<p>OctoSite \u00e8 un servizio offerto da Octorate Srl che consente agli utenti di creare e gestire il proprio sito web attraverso un website builder dedicato.<\/p>\n<p>L\u2019utente che utilizza OctoSite \u00e8 l\u2019unico e diretto responsabile dei contenuti pubblicati sul proprio sito web, inclusi ma non limitati a:<\/p>\n<ul>\n<li><strong>Termini e Condizioni personalizzati<\/strong>, che regolano l\u2019uso del sito da parte dei visitatori;<\/li>\n<li><strong>Informativa sulla Privacy<\/strong>, conforme al Regolamento UE 679\/2016 (GDPR) e alle normative locali di riferimento;<\/li>\n<li><strong>Cookie Policy<\/strong>, con l\u2019implementazione di un cookie banner chiaro e trasparente in conformit\u00e0 con il GDPR o altre normative applicabili nel paese di riferimento dell\u2019utente;<\/li>\n<li>Qualsiasi altra informativa legale o documentazione richiesta dalla normativa vigente.<\/li>\n<\/ul>\n<p>OT fornisce esclusivamente il software per la creazione del sito web e non assume alcuna responsabilit\u00e0 per il contenuto pubblicato dagli utenti n\u00e9 per la conformit\u00e0 legale dello stesso. Spetta all\u2019utente assicurarsi che il proprio sito web sia conforme a tutte le normative vigenti in materia di protezione dei dati personali, pubblicit\u00e0 online, commercio elettronico e altre disposizioni legali applicabili.<\/p>\n<p><strong>LINK<\/strong><\/p>\n<p>L\u2019utilizzo del software di prenotazione online e la sua integrazione nel sito web dell&#8217;attivit\u00e0 avviene attivando un link che verr\u00e0 fornito al momento della registrazione e configurazione del sito stesso.<\/p>\n<p>OT creer\u00e0 una pagina di prenotazione online per ogni abbonato.<\/p>\n<p>Non sar\u00e0 necessario apportare ulteriori modifiche o installare software aggiuntivo.<\/p>\n<p><strong>INSERIMENTO DATI<\/strong><\/p>\n<p>Il rappresentante dell&#8217;attivit\u00e0 \u00e8 responsabile dell&#8217;inserimento dei dati online (tariffe, orari di prenotazione, ecc.). Il programma \u00e8 accessibile 24 ore al giorno via internet, subordinatamente alla disponibilit\u00e0 di tale servizio offerto al cliente dal fornitore di servizi internet.<\/p>\n<p>Il nome utente e la password necessari per accedere al sistema di gestione saranno scelti dalla persona che rappresenta l&#8217;attivit\u00e0, che avr\u00e0 il compito di garantire la riservatezza e la non divulgazione di tali informazioni a terzi.<\/p>\n<p><strong>SISTEMA DI PRENOTAZIONE<\/strong><\/p>\n<p>Le prenotazioni vengono effettuate interamente online tramite un server sicuro SSL, sulla base dei dati precedentemente inseriti nel sistema dall&#8217;attivit\u00e0, che si assume la totale responsabilit\u00e0 per l&#8217;accuratezza delle informazioni.<\/p>\n<p>Chiaramente, OT non agisce come intermediario; fornisce solo il software che permette la prenotazione online.<\/p>\n<p><strong>DURATA DEL CONTRATTO<\/strong><\/p>\n<p><span style=\"font-size: 19.2px;\">Il contratto diventa valido al momento della registrazione e ha una durata pari al periodo di abbonamento scelto dall\u2019Utente (mensile, semestrale o annuale), decorrente da tale data.<\/span><\/p>\n<p><span style=\"font-size: 19.2px;\">Bisogna acquistare un credito prepagato, utilizzabile per l\u2019attivazione o il rinnovo dei servizi OT. Tale credito \u00e8 non rimborsabile, anche in caso di mancato utilizzo totale o parziale.<\/span><\/p>\n<div>&nbsp;<\/div>\n<p><strong>GIURISDIZIONE<\/strong><\/p>\n<p>Il presente contratto deve essere interpretato e regolato in conformit\u00e0 con la legge italiana. Per tutto quanto non espressamente regolato dal presente contratto, si applicheranno le disposizioni del Codice Civile in materia. Per qualsiasi controversia relativa all&#8217;interpretazione e\/o esecuzione del presente contratto sar\u00e0 competente in via esclusiva il Foro di Roma.<\/p>\n<p><strong>INFORMAZIONI RIGUARDANTI IL TRATTAMENTO DEI DATI<\/strong><\/p>\n<p><strong>Informativa sulla Privacy<\/strong><\/p>\n<p>Informativa sul trattamento dei dati personali ai sensi del Regolamento UE 679\/2016 (GDPR).<\/p>\n<p>La informiamo, ai sensi dell\u2019art. 13 del Regolamento UE 679\/2016 (GDPR), che la nostra societ\u00e0 proceder\u00e0 al trattamento dei dati personali da Lei forniti in conformit\u00e0 alla normativa in materia di protezione dei dati personali e nel rispetto degli obblighi e delle garanzie delle disposizioni legali, contrattuali e regolamentari.<\/p>\n<p>I dati personali che Lei fornisce sono raccolti per le seguenti finalit\u00e0:<\/p>\n<ol>\n<li>\n<p>Erogazione dei servizi richiesti e gestione di eventuali reclami e\/o controversie;<\/p>\n<\/li>\n<li>\n<p>Invio di comunicazioni commerciali relative a prodotti, servizi o iniziative dell\u2019Editore e\/o dei suoi partner commerciali o di societ\u00e0 terze; attivit\u00e0 di vendita e collocamento dirette e indirette; rilevazioni del grado di soddisfazione della clientela sulla qualit\u00e0 dei servizi forniti; effettuazione di studi e ricerche statistiche e di mercato. Il mancato, parziale o inesatto conferimento dei Suoi dati potrebbe comportare l\u2019impossibilit\u00e0 di fornirLe i servizi richiesti.<\/p>\n<\/li>\n<\/ol>\n<p>I trattamenti di cui ai punti 1 e 2 possono essere eseguiti tramite modalit\u00e0 informatiche o manuali con procedure tali da garantirne la conformit\u00e0 alle disposizioni normative vigenti.<\/p>\n<p>All\u2019interno della nostra organizzazione, i dati potranno essere conosciuti solo da soggetti specificamente autorizzati e istruiti.<\/p>\n<p>Il titolare del trattamento \u00e8 la societ\u00e0 Octorate Srl con sede legale in Via Filippo Caruso, 23, 00173, Roma (Italia).<\/p>\n<p>L&#8217;interessato pu\u00f2 esercitare i diritti previsti dal Regolamento UE in qualsiasi momento.<\/p>\n<p>Per esercitare i diritti previsti dal Regolamento UE (art. 15 Diritto di accesso; art. 16 Rettifica; art. 17 Cancellazione) \u00e8 necessario scrivere a <a rel=\"noopener\">tech@octorate.com<\/a>.<\/p>\n<p>Si informa che, per motivi tecnici, i tempi necessari per l&#8217;eventuale cancellazione dei Suoi dati personali dall&#8217;archivio saranno al massimo di 5 giorni lavorativi. Qui il collegamento alla&nbsp;<a href=\"https:\/\/www.octotable.com\/it\/privacy-policy\/\" target=\"_blank\" rel=\"noopener\">Privacy Policy<\/a>&nbsp;per i dettagli tecnici.<\/p>\n<p><strong>Informativa sui Cookie<\/strong><\/p>\n<p>Il sito octotable.com, come il resto del mercato, utilizza cookie, che sono brevi stringhe di testo inviate dal server del sito al browser dell&#8217;utente\/visitatore e automaticamente salvate sul computer dell&#8217;utente\/visitatore. L&#8217;obiettivo principale di questi cookie \u00e8 rendere la navigazione del sito pi\u00f9 fruibile, pertanto si consiglia di configurare il proprio browser per accettarli.<\/p>\n<p>Quasi tutti i browser sono impostati per accettare i cookie; tuttavia, l&#8217;utente\/visitatore pu\u00f2 modificare autonomamente la configurazione del proprio browser e bloccare i cookie (opt-out). \u00c8 importante sapere che, in caso di blocco dei cookie, la fruizione del sito <a href=\"http:\/\/www.octotable.com\" target=\"_new\" rel=\"noopener\">www.octotable.com<\/a> e l&#8217;uso di alcuni servizi potrebbero essere molto limitati o impossibili, soprattutto per tutti i servizi accessibili tramite registrazione.<\/p>\n<p>I cookie si distinguono in &#8220;di sessione&#8221; e &#8220;persistenti&#8221;. I primi, una volta scaricati, vengono eliminati alla chiusura del browser, mentre i secondi vengono memorizzati sul disco rigido dell&#8217;utente\/visitatore fino alla loro scadenza.<\/p>\n<p>I cookie persistenti sono principalmente utilizzati per facilitare la navigazione del sito, per capire quali sezioni del sito hanno generato un certo numero di pagine e utenti, e anche per l&#8217;erogazione di formati pubblicitari. In relazione ai messaggi pubblicitari, octotable.com, come la maggior parte dei siti concorrenti, utilizza cookie generati da altri siti per erogare formati pubblicitari. Questi cookie possono sempre essere disattivati (opt-out), anche se anonimi, ossia non raccolgono informazioni personali che possano identificare l&#8217;utente (ad es. l&#8217;indirizzo IP). A questo proposito, si sottolinea che i dati eventualmente identificati tramite un cookie non possono risalire all&#8217;utente e non vengono raccolti. I cookie di sessione sono principalmente utilizzati in fase di autenticazione, autorizzazione e navigazione nei servizi accessibili tramite registrazione. (Cookie Policy). Qui il collegamento alla&nbsp;<a href=\"https:\/\/www.octotable.com\/it\/cookie-policy\/\" target=\"_blank\" rel=\"noopener\">Cookie Policy<\/a>&nbsp;per i dettagli tecnici.<\/p>\n<p><strong>Modifiche all&#8217;Informativa sulla Privacy<\/strong><\/p>\n<p>La presente Informativa sulla Privacy pu\u00f2 subire modifiche nel tempo, anche in relazione all&#8217;eventuale entrata in vigore di nuove normative di settore, all&#8217;aggiornamento o all&#8217;erogazione di nuovi servizi, o a innovazioni tecnologiche. Pertanto, si invita l&#8217;utente\/visitatore a consultare periodicamente questa pagina.<\/p>\t\t\t\t\t\t<\/div>\n\t\t\t\t<\/div>\n\t\t\t\t\t<\/div>\n\t\t<\/div>\n\t\t\t\t\t\t\t<\/div>\n\t\t<\/section>\n\t\t\t\t\t\t\t<\/div>\n\t\t","protected":false},"excerpt":{"rendered":"<p>Termini e condizioni La sezione dedicata ai termini e condizioni di Octotable definisce il quadro contrattuale e operativo tra la piattaforma e i professionisti della ristorazione. Octotable \u00e8 un servizio gestito da Octorate Srl che fornisce un Booking Engine avanzato per la gestione delle prenotazioni in tempo reale, senza l&#8217;applicazione di commissioni sulle transazioni. La [&hellip;]<\/p>\n","protected":false},"author":1,"featured_media":0,"parent":0,"menu_order":0,"comment_status":"closed","ping_status":"closed","template":"elementor_header_footer","meta":{"footnotes":""},"class_list":["post-610","page","type-page","status-publish","hentry"],"_links":{"self":[{"href":"https:\/\/www.octotable.com\/it\/wp-json\/wp\/v2\/pages\/610","targetHints":{"allow":["GET"]}}],"collection":[{"href":"https:\/\/www.octotable.com\/it\/wp-json\/wp\/v2\/pages"}],"about":[{"href":"https:\/\/www.octotable.com\/it\/wp-json\/wp\/v2\/types\/page"}],"author":[{"embeddable":true,"href":"https:\/\/www.octotable.com\/it\/wp-json\/wp\/v2\/users\/1"}],"replies":[{"embeddable":true,"href":"https:\/\/www.octotable.com\/it\/wp-json\/wp\/v2\/comments?post=610"}],"version-history":[{"count":87,"href":"https:\/\/www.octotable.com\/it\/wp-json\/wp\/v2\/pages\/610\/revisions"}],"predecessor-version":[{"id":36001,"href":"https:\/\/www.octotable.com\/it\/wp-json\/wp\/v2\/pages\/610\/revisions\/36001"}],"wp:attachment":[{"href":"https:\/\/www.octotable.com\/it\/wp-json\/wp\/v2\/media?parent=610"}],"curies":[{"name":"wp","href":"https:\/\/api.w.org\/{rel}","templated":true}]}}